{"id":4891,"date":"2024-03-29T20:36:35","date_gmt":"2024-03-29T17:36:35","guid":{"rendered":"https:\/\/wordpress-1353367-4975723.cloudwaysapps.com\/terms-and-conditions\/"},"modified":"2026-01-03T19:45:51","modified_gmt":"2026-01-03T17:45:51","slug":"bedingungen-und-konditionen","status":"publish","type":"page","link":"https:\/\/staging.hub.almaschool.org\/de\/bedingungen-und-konditionen\/","title":{"rendered":"Allgemeine Gesch\u00e4ftsbedingungen"},"content":{"rendered":"\n<p><strong>Zugang zu Studienmaterialien in den Kursen der Schritte 1-3<\/strong><\/p>\n\n<p>Alle Kursmaterialien sind digital und f\u00fcr Studenten online verf\u00fcgbar. <\/p>\n\n<p>Die Kursmaterialien f\u00fcr unseren ersten Kurs, \u201eEin neuer Mensch. Eine neue Welt.\u201c sind f\u00fcr alle Studenten frei zug\u00e4nglich. Dies spiegelt unser Engagement wider, essentielles Wissen breit zug\u00e4nglich zu machen. <\/p>\n\n<p>Um unsere Mission, Kurse zu deutlich reduzierten Geb\u00fchren anzubieten, aufrechtzuerhalten \u2013 was Studenten mit unterschiedlichem globalen Hintergrund und wirtschaftlichen Verh\u00e4ltnissen die Teilnahme erm\u00f6glicht \u2013 freuen wir uns \u00fcber die Unterst\u00fctzung derjenigen, die dazu beitragen k\u00f6nnen. Wenn Sie dazu in der Lage sind, laden wir Sie ein, zus\u00e4tzliche Kurse zu erwerben, um \u201eetwas weiterzugeben.\u201c Ihre Gro\u00dfz\u00fcgigkeit hilft, die Lernreise f\u00fcr diejenigen zu subventionieren, die sonst m\u00f6glicherweise keinen Zugang zu diesen transformativen Lehren h\u00e4tten.  <\/p>\n\n<p>Dieser Ansatz erm\u00f6glicht es uns, eine integrative Lernumgebung aufrechtzuerhalten und gleichzeitig weiterhin die F\u00e4higkeit der Schule zu gew\u00e4hrleisten, hochwertige, zug\u00e4ngliche Bildung f\u00fcr Suchende weltweit anzubieten.<\/p>\n\n<p>Kursmaterialien f\u00fcr die Schritte 2-3 stehen registrierten Studenten sechs Monate ab dem Datum der Registrierung zur Verf\u00fcgung. Zertifizierungsprogramme haben verl\u00e4ngerte Zugriffszeiten, wie zum Zeitpunkt der Anmeldung angegeben. Studenten, die diesen Zeitraum verl\u00e4ngern m\u00f6chten, k\u00f6nnen eine Verl\u00e4ngerung erwerben, indem sie sich in ihr Konto einloggen und ihre Kurse unter https:\/\/staging.hub.almaschool.org\/my-account\/ verwalten.   <\/p>\n\n<p><strong>Erlaubte Nutzung:<\/strong><\/p>\n\n<p>Alle Kursmaterialien sind ausschlie\u00dflich f\u00fcr Bildungszwecke bestimmt. Jegliche kommerzielle Nutzung oder Wiederverwendung ist strengstens untersagt. <\/p>\n\n<p><strong>Pers\u00f6nlicher Zugang:<\/strong><\/p>\n\n<p>Der Zugang zum Alma Schule f\u00fcr wahres Menschentum Online Ausbildungs-Hub, Forum, Benutzernamen und Passw\u00f6rtern ist streng pers\u00f6nlich. Diese Zugangsdaten d\u00fcrfen nicht an andere Personen weitergegeben oder \u00fcbertragen werden. Nur registrierte Studenten, denen der Zugang gew\u00e4hrt wurde, d\u00fcrfen diese Ressourcen nutzen.  <\/p>\n\n<p><strong>Rechte an geistigem Eigentum<\/strong><\/p>\n\n<p>1. Eigentum:<\/p>\n\n<p> Die Alma Schule f\u00fcr wahres Menschentum ist vollst\u00e4ndig im Besitz von Alma Inspira Ltd. F\u00fcr die Zwecke dieses Dokuments werden beide Einheiten zusammenfassend als \u201eAlma Schule\u201c bezeichnet. <\/p>\n\n<p>2. Markenzeichen:<\/p>\n\n<p>Die Markennamen, Logos, Kurse, Schulprogramme und die zugeh\u00f6rigen Logos der Alma Schule sind eingetragene Warenzeichen von Alma Inspira Ltd. Ihre Verwendung ist streng auf offizielle Aktivit\u00e4ten der Alma Schule beschr\u00e4nkt und erfordert die ausdr\u00fcckliche schriftliche Genehmigung des Managements der Alma Schule. <\/p>\n\n<p>3. Urheberrecht:<\/p>\n\n<p> Alle geistigen Eigentumsrechte an allen Schulkursen, Programmen, Initiativen, Veranstaltungsunterlagen und zugeh\u00f6rigen Inhalten sind das ausschlie\u00dfliche Eigentum der Alma Schule oder ihrer Lizenzgeber. Die unbefugte Verbreitung und\/oder Weitergabe von Kursmaterialien ohne ausdr\u00fcckliche schriftliche Genehmigung der Alma Schule f\u00fcr wahres Menschentum und\/oder ihrer verbundenen Unternehmen und\/oder ohne angemessene Bezahlung stellt einen direkten Versto\u00df gegen das Gebot \u201eDu sollst nicht stehlen\u201c dar. Dar\u00fcber hinaus versto\u00dfen solche Handlungen gegen geltende Urheberrechtsgesetze und -bestimmungen.  <\/p>\n\n<p>4. Verbotene Handlungen:<\/p>\n\n<p> Es ist streng verboten, Materialien der Alma Schule ohne ausdr\u00fcckliche schriftliche Zustimmung des Managements der Alma Schule \u00fcber irgendwelche Medien oder Mittel zu verbreiten, zu ver\u00f6ffentlichen, zu reproduzieren oder den Zugang dazu zu erm\u00f6glichen.<\/p>\n\n<p>5. Geltendmachung:<\/p>\n\n<p> Die Alma Schule beh\u00e4lt sich das Recht vor, angemessene rechtliche Schritte zu unternehmen, um ihre geistigen Eigentumsrechte gegen jegliche unbefugte Nutzung, Reproduktion oder Verbreitung zu sch\u00fctzen.<\/p>\n\n<p>6. Lizensierung:<\/p>\n\n<p> Jegliche Nutzung des geistigen Eigentums der Alma Schule durch Dritte muss durch eine separate Lizenzvereinbarung geregelt sein, die ausdr\u00fccklich schriftlich vom Management der Alma Schule genehmigt wurde.<\/p>\n\n<p>7. \u00c4nderungen:<\/p>\n\n<p> Die Alma Schule beh\u00e4lt sich das Recht vor, diese Bestimmungen zum geistigen Eigentum jederzeit ohne vorherige Ank\u00fcndigung zu \u00e4ndern, zu aktualisieren oder zu erg\u00e4nzen.<\/p>\n\n<p>Durch die Anmeldung zu unserem Kurs und\/oder die Interaktion mit Inhalten oder Dienstleistungen der Alma Schule erkennen Sie diese Bedingungen an und erkl\u00e4ren sich damit einverstanden, diese einzuhalten. Ein Versto\u00df kann zur sofortigen Beendigung des Zugangs und zu potenziellen rechtlichen Schritten f\u00fchren. <\/p>\n\n<p><strong>Kosten und Bezahlung<\/strong><\/p>\n\n<p>Das Wirtschaftsmodell der Alma Schule f\u00fcr wahres Menschentum richtet sich nach drei Prinzipien, die sich aus den Sch\u00f6pfungsgesetzen ableiten:<\/p>\n\n<p>1. <strong>Nur durch Geben kann man empfangen<\/strong>: Dieses Sch\u00f6pfungsgesetz besagt, dass wahre Wertsch\u00e4tzung und Aufnahme von Wissen durch den Akt des Gebens erfolgen.<\/p>\n\n<p>2. <strong>Ohne Unterhalt<\/strong>, <strong>kann es kein geistiges Wachstum geben:<\/strong> Eine solide finanzielle Grundlage ist f\u00fcr jede Organisation, einschlie\u00dflich spiritueller, unerl\u00e4sslich, um kontinuierlich qualitativ hochwertige Dienste zu leisten und ihre Mission zu erf\u00fcllen.<\/p>\n\n<p>3. <strong>\u201c Der HERR ist nahe allen, die ihn anrufen, allen, die ihn aufrichtig anrufen.&#8220; (Psalm 145,18):<\/strong> Jeder Mensch hat ein angeborenes Recht auf die Wahrheit, unabh\u00e4ngig von seinen finanziellen Umst\u00e4nden.<\/p>\n\n<p>Um diese Prinzipien auszugleichen, haben wir eine flexible Zahlungsstruktur f\u00fcr unsere Kurse implementiert. Jede Person hat die M\u00f6glichkeit, entsprechend ihrer tats\u00e4chlichen F\u00e4higkeit und Integrit\u00e4t beizutragen. <\/p>\n\n<p>F\u00fcr eine umfassende \u00dcbersicht \u00fcber Almas Finanzmodell verweisen wir auf unseren detaillierten Artikel: Geld und Spiritualit\u00e4t <a href=\"https:\/\/almaschool.org\/de\/geld-und-spiritualitaet-nach-den-gesetzen-der-schoepfung-die-finanziellen-hintergruende-der-alma-schulen-alma-school-for-humanity-und-alma-inspira\/\" target=\"_blank\" rel=\"noreferrer noopener\">gem\u00e4\u00df den Sch\u00f6pfungsgesetzen<\/a>.<\/p>\n\n<p><strong>Unterschiedliche Kurspreise<\/strong><\/p>\n\n<p>Wir bieten drei Preisstufen f\u00fcr alle Kurse der Schritte 1-3 an, um verschiedene finanzielle Situationen zu ber\u00fccksichtigen:<\/p>\n\n<p>1. Erm\u00e4\u00dfigter Tarif: F\u00fcr diejenigen, die die Standardgeb\u00fchr wirklich nicht bezahlen k\u00f6nnen.<\/p>\n\n<p>2. Standardtarif: In den meisten F\u00e4llen anwendbar.<\/p>\n\n<p>3. Gesegneter Tarif: F\u00fcr diejenigen, die finanziell in der Lage sind, zu einem h\u00f6heren Satz beizutragen und damit die Mission der Schule zu unterst\u00fctzen.<\/p>\n\n<p>Studenten k\u00f6nnen einen Kurs oder eine Vorlesung verschenken, indem sie einen Geschenkgutschein kaufen, der dem Empf\u00e4nger direkt per E-Mail zugesandt wird. Um eine Geschenkkarte zu kaufen, folgen Sie bitte dem Link Geschenk. <\/p>\n\n<p>Unser &#8222;Weitergeben&#8220;-Programm erm\u00f6glicht es Studenten, die Schule zu<br\/>unterst\u00fctzen, indem sie zus\u00e4tzliche Kurse zu einem festgelegten Preis kaufen,<br\/>wodurch wir weiterhin subventionierte Preise f\u00fcr andere anbieten k\u00f6nnen. Um die Schule zu unterst\u00fctzen, folgen Sie bitte dem Link Unterst\u00fctzung. <\/p>\n\n<p>Die Kursgeb\u00fchren k\u00f6nnen \u00fcber verschiedene Online-Zahlungsoptionen bezahlt werden. Bitte beachten Sie, dass sich die Preise im Laufe der Zeit \u00e4ndern k\u00f6nnen. <\/p>\n\n<p>Die Alma Schule f\u00fcr wahres Menschentum beh\u00e4lt sich das Recht vor, die Tarife anzupassen oder spezielle erm\u00e4\u00dfigte Tarife f\u00fcr Einzelpersonen oder Gruppen anzubieten, wenn dies als angemessen erachtet wird.<\/p>\n\n<p>Durch die Anwendung dieses Modells bem\u00fchen wir uns, unsere Lehren zug\u00e4nglich zu machen und gleichzeitig die Nachhaltigkeit der Schule zu gew\u00e4hrleisten und das Prinzip der Wechselwirkung beim Lernen zu ehren.<\/p>\n","protected":false},"excerpt":{"rendered":"<p>Zugang zu Studienmaterialien in den Kursen der Schritte 1-3 Alle Kursmaterialien sind digital und f\u00fcr Studenten online verf\u00fcgbar. Die Kursmaterialien f\u00fcr unseren ersten Kurs, \u201eEin&hellip;<\/p>\n","protected":false},"author":1,"featured_media":0,"parent":0,"menu_order":0,"comment_status":"closed","ping_status":"closed","template":"","meta":{"footnotes":""},"class_list":["post-4891","page","type-page","status-publish","hentry"],"yoast_head":"<!-- This site is optimized with the Yoast SEO plugin v26.9 - https:\/\/yoast.com\/product\/yoast-seo-wordpress\/ -->\n<title>Allgemeine Gesch\u00e4ftsbedingungen - Alma School for Humanity<\/title>\n<meta name=\"robots\" content=\"index, follow, max-snippet:-1, max-image-preview:large, max-video-preview:-1\" \/>\n<link rel=\"canonical\" href=\"https:\/\/staging.hub.almaschool.org\/en\/terms-and-conditions\/\" \/>\n<meta property=\"og:locale\" content=\"de_DE\" \/>\n<meta property=\"og:type\" content=\"article\" \/>\n<meta property=\"og:title\" content=\"Allgemeine Gesch\u00e4ftsbedingungen - Alma School for Humanity\" \/>\n<meta property=\"og:description\" content=\"Zugang zu Studienmaterialien in den Kursen der Schritte 1-3 Alle Kursmaterialien sind digital und f\u00fcr Studenten online verf\u00fcgbar. Die Kursmaterialien f\u00fcr unseren ersten Kurs, \u201eEin&hellip;\" \/>\n<meta property=\"og:url\" content=\"https:\/\/staging.hub.almaschool.org\/en\/terms-and-conditions\/\" \/>\n<meta property=\"og:site_name\" content=\"Alma School for Humanity\" \/>\n<meta property=\"article:publisher\" content=\"https:\/\/www.facebook.com\/alma.school.en\/\" \/>\n<meta property=\"article:modified_time\" content=\"2026-01-03T17:45:51+00:00\" \/>\n<meta name=\"twitter:card\" content=\"summary_large_image\" \/>\n<meta name=\"twitter:label1\" content=\"Gesch\u00e4tzte Lesezeit\" \/>\n\t<meta name=\"twitter:data1\" content=\"5\u00a0Minute\" \/>\n<script type=\"application\/ld+json\" class=\"yoast-schema-graph\">{\"@context\":\"https:\/\/schema.org\",\"@graph\":[{\"@type\":\"WebPage\",\"@id\":\"https:\/\/staging.hub.almaschool.org\/en\/terms-and-conditions\/\",\"url\":\"https:\/\/staging.hub.almaschool.org\/en\/terms-and-conditions\/\",\"name\":\"Allgemeine Gesch\u00e4ftsbedingungen - Alma School for Humanity\",\"isPartOf\":{\"@id\":\"https:\/\/staging.hub.almaschool.org\/he\/#website\"},\"datePublished\":\"2024-03-29T17:36:35+00:00\",\"dateModified\":\"2026-01-03T17:45:51+00:00\",\"breadcrumb\":{\"@id\":\"https:\/\/staging.hub.almaschool.org\/en\/terms-and-conditions\/#breadcrumb\"},\"inLanguage\":\"de\",\"potentialAction\":[{\"@type\":\"ReadAction\",\"target\":[\"https:\/\/staging.hub.almaschool.org\/en\/terms-and-conditions\/\"]}]},{\"@type\":\"BreadcrumbList\",\"@id\":\"https:\/\/staging.hub.almaschool.org\/en\/terms-and-conditions\/#breadcrumb\",\"itemListElement\":[{\"@type\":\"ListItem\",\"position\":1,\"name\":\"Home\",\"item\":\"https:\/\/staging.hub.almaschool.org\/de\/\"},{\"@type\":\"ListItem\",\"position\":2,\"name\":\"Allgemeine Gesch\u00e4ftsbedingungen\"}]},{\"@type\":\"WebSite\",\"@id\":\"https:\/\/staging.hub.almaschool.org\/he\/#website\",\"url\":\"https:\/\/staging.hub.almaschool.org\/he\/\",\"name\":\"Alma School for Humanity\",\"description\":\"\",\"publisher\":{\"@id\":\"https:\/\/staging.hub.almaschool.org\/he\/#organization\"},\"potentialAction\":[{\"@type\":\"SearchAction\",\"target\":{\"@type\":\"EntryPoint\",\"urlTemplate\":\"https:\/\/staging.hub.almaschool.org\/he\/?s={search_term_string}\"},\"query-input\":{\"@type\":\"PropertyValueSpecification\",\"valueRequired\":true,\"valueName\":\"search_term_string\"}}],\"inLanguage\":\"de\"},{\"@type\":\"Organization\",\"@id\":\"https:\/\/staging.hub.almaschool.org\/he\/#organization\",\"name\":\"Alma School for Humanity\",\"url\":\"https:\/\/staging.hub.almaschool.org\/he\/\",\"logo\":{\"@type\":\"ImageObject\",\"inLanguage\":\"de\",\"@id\":\"https:\/\/staging.hub.almaschool.org\/he\/#\/schema\/logo\/image\/\",\"url\":\"https:\/\/staging.hub.almaschool.org\/wp-content\/uploads\/2024\/12\/email-logo-smaller.png\",\"contentUrl\":\"https:\/\/staging.hub.almaschool.org\/wp-content\/uploads\/2024\/12\/email-logo-smaller.png\",\"width\":500,\"height\":177,\"caption\":\"Alma School for Humanity\"},\"image\":{\"@id\":\"https:\/\/staging.hub.almaschool.org\/he\/#\/schema\/logo\/image\/\"},\"sameAs\":[\"https:\/\/www.facebook.com\/alma.school.en\/\",\"https:\/\/www.instagram.com\/alma.school.for.humanity\",\"https:\/\/youtube.com\/@ASFH-AlmaSchoolForHumanity\"]}]}<\/script>\n<!-- \/ Yoast SEO plugin. -->","yoast_head_json":{"title":"Allgemeine Gesch\u00e4ftsbedingungen - Alma School for Humanity","robots":{"index":"index","follow":"follow","max-snippet":"max-snippet:-1","max-image-preview":"max-image-preview:large","max-video-preview":"max-video-preview:-1"},"canonical":"https:\/\/staging.hub.almaschool.org\/en\/terms-and-conditions\/","og_locale":"de_DE","og_type":"article","og_title":"Allgemeine Gesch\u00e4ftsbedingungen - Alma School for Humanity","og_description":"Zugang zu Studienmaterialien in den Kursen der Schritte 1-3 Alle Kursmaterialien sind digital und f\u00fcr Studenten online verf\u00fcgbar. Die Kursmaterialien f\u00fcr unseren ersten Kurs, \u201eEin&hellip;","og_url":"https:\/\/staging.hub.almaschool.org\/en\/terms-and-conditions\/","og_site_name":"Alma School for Humanity","article_publisher":"https:\/\/www.facebook.com\/alma.school.en\/","article_modified_time":"2026-01-03T17:45:51+00:00","twitter_card":"summary_large_image","twitter_misc":{"Gesch\u00e4tzte Lesezeit":"5\u00a0Minute"},"schema":{"@context":"https:\/\/schema.org","@graph":[{"@type":"WebPage","@id":"https:\/\/staging.hub.almaschool.org\/en\/terms-and-conditions\/","url":"https:\/\/staging.hub.almaschool.org\/en\/terms-and-conditions\/","name":"Allgemeine Gesch\u00e4ftsbedingungen - Alma School for Humanity","isPartOf":{"@id":"https:\/\/staging.hub.almaschool.org\/he\/#website"},"datePublished":"2024-03-29T17:36:35+00:00","dateModified":"2026-01-03T17:45:51+00:00","breadcrumb":{"@id":"https:\/\/staging.hub.almaschool.org\/en\/terms-and-conditions\/#breadcrumb"},"inLanguage":"de","potentialAction":[{"@type":"ReadAction","target":["https:\/\/staging.hub.almaschool.org\/en\/terms-and-conditions\/"]}]},{"@type":"BreadcrumbList","@id":"https:\/\/staging.hub.almaschool.org\/en\/terms-and-conditions\/#breadcrumb","itemListElement":[{"@type":"ListItem","position":1,"name":"Home","item":"https:\/\/staging.hub.almaschool.org\/de\/"},{"@type":"ListItem","position":2,"name":"Allgemeine Gesch\u00e4ftsbedingungen"}]},{"@type":"WebSite","@id":"https:\/\/staging.hub.almaschool.org\/he\/#website","url":"https:\/\/staging.hub.almaschool.org\/he\/","name":"Alma School for Humanity","description":"","publisher":{"@id":"https:\/\/staging.hub.almaschool.org\/he\/#organization"},"potentialAction":[{"@type":"SearchAction","target":{"@type":"EntryPoint","urlTemplate":"https:\/\/staging.hub.almaschool.org\/he\/?s={search_term_string}"},"query-input":{"@type":"PropertyValueSpecification","valueRequired":true,"valueName":"search_term_string"}}],"inLanguage":"de"},{"@type":"Organization","@id":"https:\/\/staging.hub.almaschool.org\/he\/#organization","name":"Alma School for Humanity","url":"https:\/\/staging.hub.almaschool.org\/he\/","logo":{"@type":"ImageObject","inLanguage":"de","@id":"https:\/\/staging.hub.almaschool.org\/he\/#\/schema\/logo\/image\/","url":"https:\/\/staging.hub.almaschool.org\/wp-content\/uploads\/2024\/12\/email-logo-smaller.png","contentUrl":"https:\/\/staging.hub.almaschool.org\/wp-content\/uploads\/2024\/12\/email-logo-smaller.png","width":500,"height":177,"caption":"Alma School for Humanity"},"image":{"@id":"https:\/\/staging.hub.almaschool.org\/he\/#\/schema\/logo\/image\/"},"sameAs":["https:\/\/www.facebook.com\/alma.school.en\/","https:\/\/www.instagram.com\/alma.school.for.humanity","https:\/\/youtube.com\/@ASFH-AlmaSchoolForHumanity"]}]}},"_links":{"self":[{"href":"https:\/\/staging.hub.almaschool.org\/de\/wp-json\/wp\/v2\/pages\/4891","targetHints":{"allow":["GET"]}}],"collection":[{"href":"https:\/\/staging.hub.almaschool.org\/de\/wp-json\/wp\/v2\/pages"}],"about":[{"href":"https:\/\/staging.hub.almaschool.org\/de\/wp-json\/wp\/v2\/types\/page"}],"author":[{"embeddable":true,"href":"https:\/\/staging.hub.almaschool.org\/de\/wp-json\/wp\/v2\/users\/1"}],"replies":[{"embeddable":true,"href":"https:\/\/staging.hub.almaschool.org\/de\/wp-json\/wp\/v2\/comments?post=4891"}],"version-history":[{"count":7,"href":"https:\/\/staging.hub.almaschool.org\/de\/wp-json\/wp\/v2\/pages\/4891\/revisions"}],"predecessor-version":[{"id":28473,"href":"https:\/\/staging.hub.almaschool.org\/de\/wp-json\/wp\/v2\/pages\/4891\/revisions\/28473"}],"wp:attachment":[{"href":"https:\/\/staging.hub.almaschool.org\/de\/wp-json\/wp\/v2\/media?parent=4891"}],"curies":[{"name":"wp","href":"https:\/\/api.w.org\/{rel}","templated":true}]}}