{"id":24897,"date":"2025-09-15T20:14:19","date_gmt":"2025-09-15T17:14:19","guid":{"rendered":"https:\/\/hub.almaschool.org\/product\/lasst-meinen-geist-frei\/"},"modified":"2026-03-15T20:19:17","modified_gmt":"2026-03-15T18:19:17","slug":"lasst-meinen-geist-frei","status":"publish","type":"product","link":"https:\/\/staging.hub.almaschool.org\/de\/product\/lasst-meinen-geist-frei\/","title":{"rendered":"LASST MEINEN GEIST FREI!"},"content":{"rendered":"<ul>\n<li><strong>12 Videolektionen<\/strong> &#8211; Aufgezeichnet von Live-Zoom-Kursen, pr\u00e4sentiert in Englisch mit Untertiteln und\/oder Synchronisation in mehreren Sprachen<\/li>\n<li><strong>12 Texte<\/strong> &#8211; Umfassende Materialien f\u00fcr jede Lektion (eine Einf\u00fchrung, 10 Kernlektionen und eine Schlussfolgerung), die in Englisch und mehreren anderen Sprachen verf\u00fcgbar sind, wobei weitere Sprachen hinzukommen werden<\/li>\n<li><strong>12 Audiodateien <\/strong>&#8211; Basierend auf den Texten, verf\u00fcgbar in Englisch und mehreren anderen Sprachen, wobei weitere Sprachen hinzugef\u00fcgt werden<\/li>\n<li><strong>Live-Zoom-Praxissitzungen mit den Kurstrainern<\/strong><\/li>\n<li><strong>Zugang zum Forum <\/strong>&#8211; Beteiligen Sie sich an Diskussionen auf der Ebene des Kurses LASST MEINEN GEIST FREI! im sozialen Netzwerk der Alma Schule, das der F\u00f6rderung des geistigen Bewusstseins dient. Verbinden Sie sich mit Studenten weltweit, stellen Sie Fragen und tauschen Sie Erfahrungen aus. <\/li>\n<li><strong>6-monatiger Zugang<\/strong> &#8211; Voller Zugang zu allen Kursmaterialien ab Ihrem Registrierungsdatum.<\/li>\n<\/ul>\n","protected":false},"excerpt":{"rendered":"<p>Sind Sie bereit, sich von Ihrem Geist f\u00fchren zu lassen? Hier finden Sie alles, was Sie wissen m\u00fcssen! <\/p>\n","protected":false},"author":1,"featured_media":24042,"comment_status":"open","ping_status":"closed","template":"","meta":[],"product_brand":[],"product_cat":[118],"product_tag":[447],"class_list":{"0":"post-24897","1":"product","2":"type-product","3":"status-publish","4":"has-post-thumbnail","6":"product_cat-kurse","7":"product_tag-lmsg-new","9":"first","10":"instock","11":"sold-individually","12":"shipping-taxable","13":"purchasable","14":"product-type-variable"},"yoast_head":"<!-- This site is optimized with the Yoast SEO plugin v26.9 - https:\/\/yoast.com\/product\/yoast-seo-wordpress\/ -->\n<title>LASST MEINEN GEIST FREI! - Alma School for Humanity<\/title>\n<meta name=\"robots\" content=\"index, follow, max-snippet:-1, max-image-preview:large, max-video-preview:-1\" \/>\n<link rel=\"canonical\" href=\"https:\/\/staging.hub.almaschool.org\/de\/product\/lasst-meinen-geist-frei\/\" \/>\n<meta property=\"og:locale\" content=\"de_DE\" \/>\n<meta property=\"og:type\" content=\"article\" \/>\n<meta property=\"og:title\" content=\"LASST MEINEN GEIST FREI! - Alma School for Humanity\" \/>\n<meta property=\"og:description\" content=\"Sind Sie bereit, sich von Ihrem Geist f\u00fchren zu lassen? Hier finden Sie alles, was Sie wissen m\u00fcssen!\" \/>\n<meta property=\"og:url\" content=\"https:\/\/staging.hub.almaschool.org\/de\/product\/lasst-meinen-geist-frei\/\" \/>\n<meta property=\"og:site_name\" content=\"Alma School for Humanity\" \/>\n<meta property=\"article:publisher\" content=\"https:\/\/www.facebook.com\/alma.school.en\/\" \/>\n<meta property=\"article:modified_time\" content=\"2026-03-15T18:19:17+00:00\" \/>\n<meta property=\"og:image\" content=\"https:\/\/staging.hub.almaschool.org\/wp-content\/uploads\/2025\/09\/Cover_edited-scaled-1.jpg\" \/>\n\t<meta property=\"og:image:width\" content=\"2560\" \/>\n\t<meta property=\"og:image:height\" content=\"1354\" \/>\n\t<meta property=\"og:image:type\" content=\"image\/jpeg\" \/>\n<meta name=\"twitter:card\" content=\"summary_large_image\" \/>\n<meta name=\"twitter:label1\" content=\"Gesch\u00e4tzte Lesezeit\" \/>\n\t<meta name=\"twitter:data1\" content=\"1\u00a0Minute\" \/>\n<script type=\"application\/ld+json\" class=\"yoast-schema-graph\">{\"@context\":\"https:\/\/schema.org\",\"@graph\":[{\"@type\":\"WebPage\",\"@id\":\"https:\/\/staging.hub.almaschool.org\/de\/product\/lasst-meinen-geist-frei\/\",\"url\":\"https:\/\/staging.hub.almaschool.org\/de\/product\/lasst-meinen-geist-frei\/\",\"name\":\"LASST MEINEN GEIST FREI! - Alma School for Humanity\",\"isPartOf\":{\"@id\":\"https:\/\/staging.hub.almaschool.org\/he\/#website\"},\"primaryImageOfPage\":{\"@id\":\"https:\/\/staging.hub.almaschool.org\/de\/product\/lasst-meinen-geist-frei\/#primaryimage\"},\"image\":{\"@id\":\"https:\/\/staging.hub.almaschool.org\/de\/product\/lasst-meinen-geist-frei\/#primaryimage\"},\"thumbnailUrl\":\"https:\/\/staging.hub.almaschool.org\/wp-content\/uploads\/2025\/09\/Cover_edited-scaled-1.jpg\",\"datePublished\":\"2025-09-15T17:14:19+00:00\",\"dateModified\":\"2026-03-15T18:19:17+00:00\",\"breadcrumb\":{\"@id\":\"https:\/\/staging.hub.almaschool.org\/de\/product\/lasst-meinen-geist-frei\/#breadcrumb\"},\"inLanguage\":\"de\",\"potentialAction\":[{\"@type\":\"ReadAction\",\"target\":[\"https:\/\/staging.hub.almaschool.org\/de\/product\/lasst-meinen-geist-frei\/\"]}]},{\"@type\":\"ImageObject\",\"inLanguage\":\"de\",\"@id\":\"https:\/\/staging.hub.almaschool.org\/de\/product\/lasst-meinen-geist-frei\/#primaryimage\",\"url\":\"https:\/\/staging.hub.almaschool.org\/wp-content\/uploads\/2025\/09\/Cover_edited-scaled-1.jpg\",\"contentUrl\":\"https:\/\/staging.hub.almaschool.org\/wp-content\/uploads\/2025\/09\/Cover_edited-scaled-1.jpg\",\"width\":2560,\"height\":1354},{\"@type\":\"BreadcrumbList\",\"@id\":\"https:\/\/staging.hub.almaschool.org\/de\/product\/lasst-meinen-geist-frei\/#breadcrumb\",\"itemListElement\":[{\"@type\":\"ListItem\",\"position\":1,\"name\":\"Home\",\"item\":\"https:\/\/staging.hub.almaschool.org\/de\/\"},{\"@type\":\"ListItem\",\"position\":2,\"name\":\"Products\",\"item\":\"https:\/\/staging.hub.almaschool.org\/en\/shop\/\"},{\"@type\":\"ListItem\",\"position\":3,\"name\":\"LASST MEINEN GEIST FREI!\"}]},{\"@type\":\"WebSite\",\"@id\":\"https:\/\/staging.hub.almaschool.org\/he\/#website\",\"url\":\"https:\/\/staging.hub.almaschool.org\/he\/\",\"name\":\"Alma School for Humanity\",\"description\":\"\",\"publisher\":{\"@id\":\"https:\/\/staging.hub.almaschool.org\/he\/#organization\"},\"potentialAction\":[{\"@type\":\"SearchAction\",\"target\":{\"@type\":\"EntryPoint\",\"urlTemplate\":\"https:\/\/staging.hub.almaschool.org\/he\/?s={search_term_string}\"},\"query-input\":{\"@type\":\"PropertyValueSpecification\",\"valueRequired\":true,\"valueName\":\"search_term_string\"}}],\"inLanguage\":\"de\"},{\"@type\":\"Organization\",\"@id\":\"https:\/\/staging.hub.almaschool.org\/he\/#organization\",\"name\":\"Alma School for Humanity\",\"url\":\"https:\/\/staging.hub.almaschool.org\/he\/\",\"logo\":{\"@type\":\"ImageObject\",\"inLanguage\":\"de\",\"@id\":\"https:\/\/staging.hub.almaschool.org\/he\/#\/schema\/logo\/image\/\",\"url\":\"https:\/\/staging.hub.almaschool.org\/wp-content\/uploads\/2024\/12\/email-logo-smaller.png\",\"contentUrl\":\"https:\/\/staging.hub.almaschool.org\/wp-content\/uploads\/2024\/12\/email-logo-smaller.png\",\"width\":500,\"height\":177,\"caption\":\"Alma School for Humanity\"},\"image\":{\"@id\":\"https:\/\/staging.hub.almaschool.org\/he\/#\/schema\/logo\/image\/\"},\"sameAs\":[\"https:\/\/www.facebook.com\/alma.school.en\/\",\"https:\/\/www.instagram.com\/alma.school.for.humanity\",\"https:\/\/youtube.com\/@ASFH-AlmaSchoolForHumanity\"]}]}<\/script>\n<!-- \/ Yoast SEO plugin. -->","yoast_head_json":{"title":"LASST MEINEN GEIST FREI! - Alma School for Humanity","robots":{"index":"index","follow":"follow","max-snippet":"max-snippet:-1","max-image-preview":"max-image-preview:large","max-video-preview":"max-video-preview:-1"},"canonical":"https:\/\/staging.hub.almaschool.org\/de\/product\/lasst-meinen-geist-frei\/","og_locale":"de_DE","og_type":"article","og_title":"LASST MEINEN GEIST FREI! - Alma School for Humanity","og_description":"Sind Sie bereit, sich von Ihrem Geist f\u00fchren zu lassen? Hier finden Sie alles, was Sie wissen m\u00fcssen!","og_url":"https:\/\/staging.hub.almaschool.org\/de\/product\/lasst-meinen-geist-frei\/","og_site_name":"Alma School for Humanity","article_publisher":"https:\/\/www.facebook.com\/alma.school.en\/","article_modified_time":"2026-03-15T18:19:17+00:00","og_image":[{"width":2560,"height":1354,"url":"https:\/\/staging.hub.almaschool.org\/wp-content\/uploads\/2025\/09\/Cover_edited-scaled-1.jpg","type":"image\/jpeg"}],"twitter_card":"summary_large_image","twitter_misc":{"Gesch\u00e4tzte Lesezeit":"1\u00a0Minute"},"schema":{"@context":"https:\/\/schema.org","@graph":[{"@type":"WebPage","@id":"https:\/\/staging.hub.almaschool.org\/de\/product\/lasst-meinen-geist-frei\/","url":"https:\/\/staging.hub.almaschool.org\/de\/product\/lasst-meinen-geist-frei\/","name":"LASST MEINEN GEIST FREI! - Alma School for Humanity","isPartOf":{"@id":"https:\/\/staging.hub.almaschool.org\/he\/#website"},"primaryImageOfPage":{"@id":"https:\/\/staging.hub.almaschool.org\/de\/product\/lasst-meinen-geist-frei\/#primaryimage"},"image":{"@id":"https:\/\/staging.hub.almaschool.org\/de\/product\/lasst-meinen-geist-frei\/#primaryimage"},"thumbnailUrl":"https:\/\/staging.hub.almaschool.org\/wp-content\/uploads\/2025\/09\/Cover_edited-scaled-1.jpg","datePublished":"2025-09-15T17:14:19+00:00","dateModified":"2026-03-15T18:19:17+00:00","breadcrumb":{"@id":"https:\/\/staging.hub.almaschool.org\/de\/product\/lasst-meinen-geist-frei\/#breadcrumb"},"inLanguage":"de","potentialAction":[{"@type":"ReadAction","target":["https:\/\/staging.hub.almaschool.org\/de\/product\/lasst-meinen-geist-frei\/"]}]},{"@type":"ImageObject","inLanguage":"de","@id":"https:\/\/staging.hub.almaschool.org\/de\/product\/lasst-meinen-geist-frei\/#primaryimage","url":"https:\/\/staging.hub.almaschool.org\/wp-content\/uploads\/2025\/09\/Cover_edited-scaled-1.jpg","contentUrl":"https:\/\/staging.hub.almaschool.org\/wp-content\/uploads\/2025\/09\/Cover_edited-scaled-1.jpg","width":2560,"height":1354},{"@type":"BreadcrumbList","@id":"https:\/\/staging.hub.almaschool.org\/de\/product\/lasst-meinen-geist-frei\/#breadcrumb","itemListElement":[{"@type":"ListItem","position":1,"name":"Home","item":"https:\/\/staging.hub.almaschool.org\/de\/"},{"@type":"ListItem","position":2,"name":"Products","item":"https:\/\/staging.hub.almaschool.org\/en\/shop\/"},{"@type":"ListItem","position":3,"name":"LASST MEINEN GEIST FREI!"}]},{"@type":"WebSite","@id":"https:\/\/staging.hub.almaschool.org\/he\/#website","url":"https:\/\/staging.hub.almaschool.org\/he\/","name":"Alma School for Humanity","description":"","publisher":{"@id":"https:\/\/staging.hub.almaschool.org\/he\/#organization"},"potentialAction":[{"@type":"SearchAction","target":{"@type":"EntryPoint","urlTemplate":"https:\/\/staging.hub.almaschool.org\/he\/?s={search_term_string}"},"query-input":{"@type":"PropertyValueSpecification","valueRequired":true,"valueName":"search_term_string"}}],"inLanguage":"de"},{"@type":"Organization","@id":"https:\/\/staging.hub.almaschool.org\/he\/#organization","name":"Alma School for Humanity","url":"https:\/\/staging.hub.almaschool.org\/he\/","logo":{"@type":"ImageObject","inLanguage":"de","@id":"https:\/\/staging.hub.almaschool.org\/he\/#\/schema\/logo\/image\/","url":"https:\/\/staging.hub.almaschool.org\/wp-content\/uploads\/2024\/12\/email-logo-smaller.png","contentUrl":"https:\/\/staging.hub.almaschool.org\/wp-content\/uploads\/2024\/12\/email-logo-smaller.png","width":500,"height":177,"caption":"Alma School for Humanity"},"image":{"@id":"https:\/\/staging.hub.almaschool.org\/he\/#\/schema\/logo\/image\/"},"sameAs":["https:\/\/www.facebook.com\/alma.school.en\/","https:\/\/www.instagram.com\/alma.school.for.humanity","https:\/\/youtube.com\/@ASFH-AlmaSchoolForHumanity"]}]}},"_links":{"self":[{"href":"https:\/\/staging.hub.almaschool.org\/de\/wp-json\/wp\/v2\/product\/24897","targetHints":{"allow":["GET"]}}],"collection":[{"href":"https:\/\/staging.hub.almaschool.org\/de\/wp-json\/wp\/v2\/product"}],"about":[{"href":"https:\/\/staging.hub.almaschool.org\/de\/wp-json\/wp\/v2\/types\/product"}],"author":[{"embeddable":true,"href":"https:\/\/staging.hub.almaschool.org\/de\/wp-json\/wp\/v2\/users\/1"}],"replies":[{"embeddable":true,"href":"https:\/\/staging.hub.almaschool.org\/de\/wp-json\/wp\/v2\/comments?post=24897"}],"wp:featuredmedia":[{"embeddable":true,"href":"https:\/\/staging.hub.almaschool.org\/de\/wp-json\/wp\/v2\/media\/24042"}],"wp:attachment":[{"href":"https:\/\/staging.hub.almaschool.org\/de\/wp-json\/wp\/v2\/media?parent=24897"}],"wp:term":[{"taxonomy":"product_brand","embeddable":true,"href":"https:\/\/staging.hub.almaschool.org\/de\/wp-json\/wp\/v2\/product_brand?post=24897"},{"taxonomy":"product_cat","embeddable":true,"href":"https:\/\/staging.hub.almaschool.org\/de\/wp-json\/wp\/v2\/product_cat?post=24897"},{"taxonomy":"product_tag","embeddable":true,"href":"https:\/\/staging.hub.almaschool.org\/de\/wp-json\/wp\/v2\/product_tag?post=24897"}],"curies":[{"name":"wp","href":"https:\/\/api.w.org\/{rel}","templated":true}]}}