{"id":26991,"date":"2024-03-29T20:36:35","date_gmt":"2024-03-29T17:36:35","guid":{"rendered":"https:\/\/hub.almaschool.org\/terminos-y-condiciones\/"},"modified":"2026-01-03T19:50:17","modified_gmt":"2026-01-03T17:50:17","slug":"terminos-y-condiciones","status":"publish","type":"page","link":"https:\/\/staging.hub.almaschool.org\/es\/terminos-y-condiciones\/","title":{"rendered":"T\u00e9rminos y Condiciones"},"content":{"rendered":"\n<p><strong>Acceso a materiales de estudio en los pasos 1-3 del curso<\/strong><\/p>\n\n<p>Todos los materiales del curso son digitales y est\u00e1n disponibles para los estudiantes en l\u00ednea. <\/p>\n\n<p>Los materiales para nuestro primer curso, \u00abUn Nuevo Ser Humano. Un Nuevo Mundo.\u00bb son de libre acceso para todos los estudiantes. Esto refleja nuestro compromiso de hacer que el conocimiento esencial sea ampliamente accesible. <\/p>\n\n<p>Para mantener nuestra misi\u00f3n de ofrecer cursos a tarifas significativamente reducidas \u2014 permitiendo que estudiantes de diversos or\u00edgenes globales y circunstancias econ\u00f3micas participen \u2014 agradecemos el apoyo de aquellos que pueden contribuir. Si est\u00e1s en posici\u00f3n de hacerlo, te invitamos a comprar cursos adicionales como una forma de \u00abpagar hacia adelante\u00bb. Tu generosidad ayuda a subsidiar el viaje de aprendizaje de aquellos que de otra manera no podr\u00edan acceder a estas ense\u00f1anzas transformadoras.  <\/p>\n\n<p>Este enfoque nos permite mantener un ambiente de aprendizaje inclusivo mientras aseguramos la capacidad continua de la escuela para ofrecer educaci\u00f3n de alta calidad y accesible a buscadores en todo el mundo.<\/p>\n\n<p>Los materiales del curso para los Pasos 2-3 estar\u00e1n disponibles para los estudiantes registrados durante seis meses desde la fecha de registro. Los estudiantes que deseen extender este per\u00edodo pueden comprar una extensi\u00f3n iniciando sesi\u00f3n en su cuenta y gestionando sus cursos en https:\/\/staging.hub.almaschool.org\/my-account\/   <\/p>\n\n<p><strong>Uso Permitido:<\/strong><\/p>\n\n<p>Todos los materiales del curso est\u00e1n destinados \u00fanicamente a fines educativos. Cualquier uso comercial o reutilizaci\u00f3n est\u00e1 estrictamente prohibido. <\/p>\n\n<p><strong>Acceso Personal:<\/strong><\/p>\n\n<p>El acceso al Centro Educativo en L\u00ednea de Alma School for Humanity, al Foro, los nombres de usuario y las contrase\u00f1as es estrictamente personal. Estas credenciales no deben ser compartidas ni transferidas a ninguna otra persona. Solo el estudiante registrado al que se le ha otorgado acceso puede usar estos recursos.  <\/p>\n\n<p><strong>Derechos de Propiedad Intelectual<\/strong><\/p>\n\n<p>1. Propiedad:<\/p>\n\n<p> Alma School for Humanity es propiedad exclusiva de Alma Inspira Ltd. Para los prop\u00f3sitos de este documento, ambas entidades ser\u00e1n referidas colectivamente como \u00abAlma School\u00bb. <\/p>\n\n<p>2. Marcas Registradas:<\/p>\n\n<p>Los nombres de marca, logotipos, cursos, programas escolares y los logotipos asociados de Alma School son marcas registradas de Alma Inspira Ltd. Su uso est\u00e1 estrictamente limitado a las actividades oficiales de Alma School y requiere el consentimiento expl\u00edcito por escrito de la direcci\u00f3n de Alma School. <\/p>\n\n<p>3. Derechos de Autor:<\/p>\n\n<p> Todos los derechos de propiedad intelectual en todos y cada uno de los cursos escolares, programas, iniciativas, materiales de eventos y contenido relacionado son propiedad exclusiva de Alma School o sus licenciantes. La distribuci\u00f3n y\/o compartici\u00f3n no autorizada de materiales del curso sin la aprobaci\u00f3n expl\u00edcita por escrito de Alma School for Humanity y\/o sus entidades asociadas, y\/o sin el pago apropiado, constituye una violaci\u00f3n directa del mandamiento \u00abNo robar\u00e1s\u00bb. Adem\u00e1s, tales acciones infringen las leyes y regulaciones de derechos de autor aplicables.  <\/p>\n\n<p>4. Acciones Prohibidas:<\/p>\n\n<p> Est\u00e1 estrictamente prohibido diseminar, publicar, reproducir o facilitar el acceso a cualquier material de Alma School a trav\u00e9s de cualquier medio o medio sin el consentimiento expreso por escrito de la direcci\u00f3n de Alma School.<\/p>\n\n<p>5. Cumplimiento:<\/p>\n\n<p> Alma School se reserva el derecho de tomar las acciones legales apropiadas para proteger sus derechos de propiedad intelectual contra cualquier uso, reproducci\u00f3n o distribuci\u00f3n no autorizados.<\/p>\n\n<p>6. Licencias:<\/p>\n\n<p> Cualquier uso de la propiedad intelectual de Alma School por terceros debe estar regido por un acuerdo de licencia separado, expl\u00edcitamente autorizado por escrito por la direcci\u00f3n de Alma School.<\/p>\n\n<p>7. Modificaciones:<\/p>\n\n<p> Alma School se reserva el derecho de modificar, actualizar o enmendar estos t\u00e9rminos de propiedad intelectual en cualquier momento sin previo aviso.<\/p>\n\n<p>Al inscribirse en nuestro curso y\/o interactuar con el contenido o servicios de Alma School, usted reconoce y acepta cumplir con estos t\u00e9rminos. La violaci\u00f3n puede resultar en la terminaci\u00f3n inmediata del acceso y posibles acciones legales. <\/p>\n\n<p><strong>Costos y Pagos<\/strong><\/p>\n\n<p>El modelo econ\u00f3mico de Alma School for Humanity se alinea con tres principios derivados de las Leyes de la Creaci\u00f3n:<\/p>\n\n<p>1. <strong>Solo dando puedes recibir: <\/strong>Esta Ley de la Creaci\u00f3n afirma que la verdadera apreciaci\u00f3n y absorci\u00f3n del Conocimiento viene a trav\u00e9s del acto de dar.<\/p>\n\n<p>2. <strong>Sin sustento, no puede haber crecimiento espiritual:<strong> <\/strong><\/strong>Una base financiera s\u00f3lida es esencial para cualquier organizaci\u00f3n, incluidas las espirituales, para proporcionar un servicio de calidad consistentemente y cumplir su misi\u00f3n.<\/p>\n\n<p>3. <strong>\u00abEl SE\u00d1OR est\u00e1 cerca de todos los que lo invocan, de todos los que lo invocan en verdad.\u00bb (Salmos 145:18):<\/strong> Cada individuo tiene un derecho inherente a la Verdad, independientemente de sus circunstancias financieras.<\/p>\n\n<p>Para equilibrar estos principios, hemos implementado una estructura de pago flexible para nuestros cursos. Cada persona tiene la oportunidad de contribuir de acuerdo con su capacidad genuina e integridad. <\/p>\n\n<p>Para una visi\u00f3n general completa del modelo financiero de Alma, consulte nuestro art\u00edculo detallado:<a href=\"https:\/\/almaschool.org\/es\/dinero-y-espiritualidad-segun-las-leyes-de-la-creacion-la-razon-financiera-detras-de-alma-school-for-humanity\/\" target=\"_blank\" rel=\"noreferrer noopener\"> Dinero y Espiritualidad seg\u00fan las Leyes de la Creaci\u00f3n<\/a><\/p>\n\n<p><strong>Precios Diferenciados de los Cursos<\/strong><\/p>\n\n<p>Ofrecemos tres niveles de precios para todos los cursos de los Pasos 1-3, acomodando varias situaciones financieras:<\/p>\n\n<p>1. Tarifa Subsidiada: Para aquellos genuinamente incapaces de pagar la tarifa est\u00e1ndar.<\/p>\n\n<p>2. Tarifa Est\u00e1ndar: Aplicable en la mayor\u00eda de los casos.<\/p>\n\n<p>3. Tarifa Bendecida: Para aquellos financieramente capaces de contribuir a una tarifa m\u00e1s alta, apoyando la misi\u00f3n de la escuela.<\/p>\n\n<p>Los estudiantes pueden regalar un curso o conferencia comprando una tarjeta de regalo, que ser\u00e1 enviada por correo electr\u00f3nico directamente al destinatario. Para comprar una tarjeta de regalo, siga el enlace de Regalo. <\/p>\n\n<p>Nuestro programa \u00abPaga Adelante\u00bb permite a los estudiantes apoyar a la escuela comprando cursos adicionales a una tarifa fija, permiti\u00e9ndonos continuar ofreciendo tarifas subsidiadas a otros. Para apoyar a la escuela, siga el enlace de Apoyo. <\/p>\n\n<p>La matr\u00edcula del curso se puede pagar a trav\u00e9s de varias opciones de pago en l\u00ednea. Tenga en cuenta que las tarifas pueden cambiar con el tiempo. <\/p>\n\n<p>Alma School for Humanity se reserva el derecho de ajustar las tarifas u ofrecer tarifas subsidiadas especiales para individuos o grupos seg\u00fan se considere apropiado.<\/p>\n\n<p>Al adoptar este modelo, nos esforzamos por hacer que nuestras ense\u00f1anzas sean accesibles mientras aseguramos la sostenibilidad de la escuela y honramos el principio de reciprocidad en el aprendizaje.<\/p>\n","protected":false},"excerpt":{"rendered":"<p>Acceso a materiales de estudio en los pasos 1-3 del curso Todos los materiales del curso son digitales y est\u00e1n disponibles para los estudiantes en&hellip;<\/p>\n","protected":false},"author":1,"featured_media":0,"parent":0,"menu_order":0,"comment_status":"closed","ping_status":"closed","template":"","meta":{"footnotes":""},"class_list":["post-26991","page","type-page","status-publish","hentry"],"yoast_head":"<!-- This site is optimized with the Yoast SEO plugin v26.9 - https:\/\/yoast.com\/product\/yoast-seo-wordpress\/ -->\n<title>T\u00e9rminos y Condiciones - Alma School for Humanity<\/title>\n<meta name=\"robots\" content=\"index, follow, max-snippet:-1, max-image-preview:large, max-video-preview:-1\" \/>\n<link rel=\"canonical\" href=\"https:\/\/staging.hub.almaschool.org\/en\/terms-and-conditions\/\" \/>\n<meta property=\"og:locale\" content=\"es_ES\" \/>\n<meta property=\"og:type\" content=\"article\" \/>\n<meta property=\"og:title\" content=\"T\u00e9rminos y Condiciones - Alma School for Humanity\" \/>\n<meta property=\"og:description\" content=\"Acceso a materiales de estudio en los pasos 1-3 del curso Todos los materiales del curso son digitales y est\u00e1n disponibles para los estudiantes en&hellip;\" \/>\n<meta property=\"og:url\" content=\"https:\/\/staging.hub.almaschool.org\/en\/terms-and-conditions\/\" \/>\n<meta property=\"og:site_name\" content=\"Alma School for Humanity\" \/>\n<meta property=\"article:publisher\" content=\"https:\/\/www.facebook.com\/alma.school.en\/\" \/>\n<meta property=\"article:modified_time\" content=\"2026-01-03T17:50:17+00:00\" \/>\n<meta name=\"twitter:card\" content=\"summary_large_image\" \/>\n<meta name=\"twitter:label1\" content=\"Tiempo de lectura\" \/>\n\t<meta name=\"twitter:data1\" content=\"5 minuto\" \/>\n<script type=\"application\/ld+json\" class=\"yoast-schema-graph\">{\"@context\":\"https:\/\/schema.org\",\"@graph\":[{\"@type\":\"WebPage\",\"@id\":\"https:\/\/staging.hub.almaschool.org\/en\/terms-and-conditions\/\",\"url\":\"https:\/\/staging.hub.almaschool.org\/en\/terms-and-conditions\/\",\"name\":\"T\u00e9rminos y Condiciones - Alma School for Humanity\",\"isPartOf\":{\"@id\":\"https:\/\/staging.hub.almaschool.org\/he\/#website\"},\"datePublished\":\"2024-03-29T17:36:35+00:00\",\"dateModified\":\"2026-01-03T17:50:17+00:00\",\"breadcrumb\":{\"@id\":\"https:\/\/staging.hub.almaschool.org\/en\/terms-and-conditions\/#breadcrumb\"},\"inLanguage\":\"es\",\"potentialAction\":[{\"@type\":\"ReadAction\",\"target\":[\"https:\/\/staging.hub.almaschool.org\/en\/terms-and-conditions\/\"]}]},{\"@type\":\"BreadcrumbList\",\"@id\":\"https:\/\/staging.hub.almaschool.org\/en\/terms-and-conditions\/#breadcrumb\",\"itemListElement\":[{\"@type\":\"ListItem\",\"position\":1,\"name\":\"Home\",\"item\":\"https:\/\/staging.hub.almaschool.org\/es\/\"},{\"@type\":\"ListItem\",\"position\":2,\"name\":\"T\u00e9rminos y Condiciones\"}]},{\"@type\":\"WebSite\",\"@id\":\"https:\/\/staging.hub.almaschool.org\/he\/#website\",\"url\":\"https:\/\/staging.hub.almaschool.org\/he\/\",\"name\":\"Alma School for Humanity\",\"description\":\"\",\"publisher\":{\"@id\":\"https:\/\/staging.hub.almaschool.org\/he\/#organization\"},\"potentialAction\":[{\"@type\":\"SearchAction\",\"target\":{\"@type\":\"EntryPoint\",\"urlTemplate\":\"https:\/\/staging.hub.almaschool.org\/he\/?s={search_term_string}\"},\"query-input\":{\"@type\":\"PropertyValueSpecification\",\"valueRequired\":true,\"valueName\":\"search_term_string\"}}],\"inLanguage\":\"es\"},{\"@type\":\"Organization\",\"@id\":\"https:\/\/staging.hub.almaschool.org\/he\/#organization\",\"name\":\"Alma School for Humanity\",\"url\":\"https:\/\/staging.hub.almaschool.org\/he\/\",\"logo\":{\"@type\":\"ImageObject\",\"inLanguage\":\"es\",\"@id\":\"https:\/\/staging.hub.almaschool.org\/he\/#\/schema\/logo\/image\/\",\"url\":\"https:\/\/staging.hub.almaschool.org\/wp-content\/uploads\/2024\/12\/email-logo-smaller.png\",\"contentUrl\":\"https:\/\/staging.hub.almaschool.org\/wp-content\/uploads\/2024\/12\/email-logo-smaller.png\",\"width\":500,\"height\":177,\"caption\":\"Alma School for Humanity\"},\"image\":{\"@id\":\"https:\/\/staging.hub.almaschool.org\/he\/#\/schema\/logo\/image\/\"},\"sameAs\":[\"https:\/\/www.facebook.com\/alma.school.en\/\",\"https:\/\/www.instagram.com\/alma.school.for.humanity\",\"https:\/\/youtube.com\/@ASFH-AlmaSchoolForHumanity\"]}]}<\/script>\n<!-- \/ Yoast SEO plugin. -->","yoast_head_json":{"title":"T\u00e9rminos y Condiciones - Alma School for Humanity","robots":{"index":"index","follow":"follow","max-snippet":"max-snippet:-1","max-image-preview":"max-image-preview:large","max-video-preview":"max-video-preview:-1"},"canonical":"https:\/\/staging.hub.almaschool.org\/en\/terms-and-conditions\/","og_locale":"es_ES","og_type":"article","og_title":"T\u00e9rminos y Condiciones - Alma School for Humanity","og_description":"Acceso a materiales de estudio en los pasos 1-3 del curso Todos los materiales del curso son digitales y est\u00e1n disponibles para los estudiantes en&hellip;","og_url":"https:\/\/staging.hub.almaschool.org\/en\/terms-and-conditions\/","og_site_name":"Alma School for Humanity","article_publisher":"https:\/\/www.facebook.com\/alma.school.en\/","article_modified_time":"2026-01-03T17:50:17+00:00","twitter_card":"summary_large_image","twitter_misc":{"Tiempo de lectura":"5 minuto"},"schema":{"@context":"https:\/\/schema.org","@graph":[{"@type":"WebPage","@id":"https:\/\/staging.hub.almaschool.org\/en\/terms-and-conditions\/","url":"https:\/\/staging.hub.almaschool.org\/en\/terms-and-conditions\/","name":"T\u00e9rminos y Condiciones - Alma School for Humanity","isPartOf":{"@id":"https:\/\/staging.hub.almaschool.org\/he\/#website"},"datePublished":"2024-03-29T17:36:35+00:00","dateModified":"2026-01-03T17:50:17+00:00","breadcrumb":{"@id":"https:\/\/staging.hub.almaschool.org\/en\/terms-and-conditions\/#breadcrumb"},"inLanguage":"es","potentialAction":[{"@type":"ReadAction","target":["https:\/\/staging.hub.almaschool.org\/en\/terms-and-conditions\/"]}]},{"@type":"BreadcrumbList","@id":"https:\/\/staging.hub.almaschool.org\/en\/terms-and-conditions\/#breadcrumb","itemListElement":[{"@type":"ListItem","position":1,"name":"Home","item":"https:\/\/staging.hub.almaschool.org\/es\/"},{"@type":"ListItem","position":2,"name":"T\u00e9rminos y Condiciones"}]},{"@type":"WebSite","@id":"https:\/\/staging.hub.almaschool.org\/he\/#website","url":"https:\/\/staging.hub.almaschool.org\/he\/","name":"Alma School for Humanity","description":"","publisher":{"@id":"https:\/\/staging.hub.almaschool.org\/he\/#organization"},"potentialAction":[{"@type":"SearchAction","target":{"@type":"EntryPoint","urlTemplate":"https:\/\/staging.hub.almaschool.org\/he\/?s={search_term_string}"},"query-input":{"@type":"PropertyValueSpecification","valueRequired":true,"valueName":"search_term_string"}}],"inLanguage":"es"},{"@type":"Organization","@id":"https:\/\/staging.hub.almaschool.org\/he\/#organization","name":"Alma School for Humanity","url":"https:\/\/staging.hub.almaschool.org\/he\/","logo":{"@type":"ImageObject","inLanguage":"es","@id":"https:\/\/staging.hub.almaschool.org\/he\/#\/schema\/logo\/image\/","url":"https:\/\/staging.hub.almaschool.org\/wp-content\/uploads\/2024\/12\/email-logo-smaller.png","contentUrl":"https:\/\/staging.hub.almaschool.org\/wp-content\/uploads\/2024\/12\/email-logo-smaller.png","width":500,"height":177,"caption":"Alma School for Humanity"},"image":{"@id":"https:\/\/staging.hub.almaschool.org\/he\/#\/schema\/logo\/image\/"},"sameAs":["https:\/\/www.facebook.com\/alma.school.en\/","https:\/\/www.instagram.com\/alma.school.for.humanity","https:\/\/youtube.com\/@ASFH-AlmaSchoolForHumanity"]}]}},"_links":{"self":[{"href":"https:\/\/staging.hub.almaschool.org\/es\/wp-json\/wp\/v2\/pages\/26991","targetHints":{"allow":["GET"]}}],"collection":[{"href":"https:\/\/staging.hub.almaschool.org\/es\/wp-json\/wp\/v2\/pages"}],"about":[{"href":"https:\/\/staging.hub.almaschool.org\/es\/wp-json\/wp\/v2\/types\/page"}],"author":[{"embeddable":true,"href":"https:\/\/staging.hub.almaschool.org\/es\/wp-json\/wp\/v2\/users\/1"}],"replies":[{"embeddable":true,"href":"https:\/\/staging.hub.almaschool.org\/es\/wp-json\/wp\/v2\/comments?post=26991"}],"version-history":[{"count":3,"href":"https:\/\/staging.hub.almaschool.org\/es\/wp-json\/wp\/v2\/pages\/26991\/revisions"}],"predecessor-version":[{"id":28479,"href":"https:\/\/staging.hub.almaschool.org\/es\/wp-json\/wp\/v2\/pages\/26991\/revisions\/28479"}],"wp:attachment":[{"href":"https:\/\/staging.hub.almaschool.org\/es\/wp-json\/wp\/v2\/media?parent=26991"}],"curies":[{"name":"wp","href":"https:\/\/api.w.org\/{rel}","templated":true}]}}