{"id":25551,"date":"2025-09-15T20:14:19","date_gmt":"2025-09-15T17:14:19","guid":{"rendered":"https:\/\/hub.almaschool.org\/product\/let-my-spirit-go\/"},"modified":"2026-03-15T20:23:41","modified_gmt":"2026-03-15T18:23:41","slug":"let-my-spirit-go","status":"publish","type":"product","link":"https:\/\/staging.hub.almaschool.org\/es\/product\/let-my-spirit-go\/","title":{"rendered":"\u00a1LET MY SPIRIT GO!"},"content":{"rendered":"<ul>\n<li><strong>12 lecciones en v\u00eddeo<\/strong> \u2013 Grabadas de clases en directo con Zoom, presentadas en ingl\u00e9s con subt\u00edtulos y\/o doblaje en varios idiomas<\/li>\n<li><strong>12 textos escritos<\/strong> \u2013 Materiales completos para cada lecci\u00f3n (una introducci\u00f3n, 10 lecciones principales y una conclusi\u00f3n) disponibles en ingl\u00e9s y en otros muchos idiomas, a los que se ir\u00e1n a\u00f1adiendo m\u00e1s idiomas.<\/li>\n<li><strong>12 archivos de audio<\/strong> \u2013 Basados en los textos escritos, disponibles en ingl\u00e9s y en otros muchos idiomas, a los que se ir\u00e1n a\u00f1adiendo m\u00e1s idiomas<\/li>\n<li><strong>Sesiones pr\u00e1cticas (de entrenamiento a trav\u00e9s de Zoom) de Zoom en directo con los formadores del curso<\/strong><\/li>\n<li><strong>Acceso al foro<\/strong> \u2013 \u00danete a las discusiones del nivel del curso \u00a1LET MY SPIRIT GO! en la red social de Alma School, dise\u00f1ada para fomentar la conciencia espiritual. Conecta con estudiantes de todo el mundo, haz preguntas y comparte experiencias <\/li>\n<li><strong>Acceso durante 6 meses<\/strong> \u2013 Acceso completo a todos los materiales del curso desde la fecha de inscripci\u00f3n.<\/li>\n<\/ul>\n","protected":false},"excerpt":{"rendered":"<p>\u00bfListo para Dejarte Guiar por Tu Esp\u00edritu? \u00a1Aqu\u00ed Tienes Todo lo que Necesitas Saber! <\/p>\n","protected":false},"author":1,"featured_media":24047,"comment_status":"open","ping_status":"closed","template":"","meta":[],"product_brand":[],"product_cat":[124],"product_tag":[449],"class_list":{"0":"post-25551","1":"product","2":"type-product","3":"status-publish","4":"has-post-thumbnail","6":"product_cat-cursos-es","7":"product_tag-lmsg-new","9":"first","10":"instock","11":"sold-individually","12":"shipping-taxable","13":"purchasable","14":"product-type-variable"},"yoast_head":"<!-- This site is optimized with the Yoast SEO plugin v26.9 - https:\/\/yoast.com\/product\/yoast-seo-wordpress\/ -->\n<title>\u00a1LET MY SPIRIT GO! - Alma School for Humanity<\/title>\n<meta name=\"robots\" content=\"index, follow, max-snippet:-1, max-image-preview:large, max-video-preview:-1\" \/>\n<link rel=\"canonical\" href=\"https:\/\/staging.hub.almaschool.org\/es\/product\/let-my-spirit-go\/\" \/>\n<meta property=\"og:locale\" content=\"es_ES\" \/>\n<meta property=\"og:type\" content=\"article\" \/>\n<meta property=\"og:title\" content=\"\u00a1LET MY SPIRIT GO! - Alma School for Humanity\" \/>\n<meta property=\"og:description\" content=\"\u00bfListo para Dejarte Guiar por Tu Esp\u00edritu? \u00a1Aqu\u00ed Tienes Todo lo que Necesitas Saber!\" \/>\n<meta property=\"og:url\" content=\"https:\/\/staging.hub.almaschool.org\/es\/product\/let-my-spirit-go\/\" \/>\n<meta property=\"og:site_name\" content=\"Alma School for Humanity\" \/>\n<meta property=\"article:publisher\" content=\"https:\/\/www.facebook.com\/alma.school.en\/\" \/>\n<meta property=\"article:modified_time\" content=\"2026-03-15T18:23:41+00:00\" \/>\n<meta property=\"og:image\" content=\"https:\/\/staging.hub.almaschool.org\/wp-content\/uploads\/2025\/09\/Cover_edited-scaled-1.jpg\" \/>\n\t<meta property=\"og:image:width\" content=\"2560\" \/>\n\t<meta property=\"og:image:height\" content=\"1354\" \/>\n\t<meta property=\"og:image:type\" content=\"image\/jpeg\" \/>\n<meta name=\"twitter:card\" content=\"summary_large_image\" \/>\n<meta name=\"twitter:label1\" content=\"Tiempo de lectura\" \/>\n\t<meta name=\"twitter:data1\" content=\"1 minuto\" \/>\n<script type=\"application\/ld+json\" class=\"yoast-schema-graph\">{\"@context\":\"https:\/\/schema.org\",\"@graph\":[{\"@type\":\"WebPage\",\"@id\":\"https:\/\/staging.hub.almaschool.org\/es\/product\/let-my-spirit-go\/\",\"url\":\"https:\/\/staging.hub.almaschool.org\/es\/product\/let-my-spirit-go\/\",\"name\":\"\u00a1LET MY SPIRIT GO! - Alma School for Humanity\",\"isPartOf\":{\"@id\":\"https:\/\/staging.hub.almaschool.org\/he\/#website\"},\"primaryImageOfPage\":{\"@id\":\"https:\/\/staging.hub.almaschool.org\/es\/product\/let-my-spirit-go\/#primaryimage\"},\"image\":{\"@id\":\"https:\/\/staging.hub.almaschool.org\/es\/product\/let-my-spirit-go\/#primaryimage\"},\"thumbnailUrl\":\"https:\/\/staging.hub.almaschool.org\/wp-content\/uploads\/2025\/09\/Cover_edited-scaled-1.jpg\",\"datePublished\":\"2025-09-15T17:14:19+00:00\",\"dateModified\":\"2026-03-15T18:23:41+00:00\",\"breadcrumb\":{\"@id\":\"https:\/\/staging.hub.almaschool.org\/es\/product\/let-my-spirit-go\/#breadcrumb\"},\"inLanguage\":\"es\",\"potentialAction\":[{\"@type\":\"ReadAction\",\"target\":[\"https:\/\/staging.hub.almaschool.org\/es\/product\/let-my-spirit-go\/\"]}]},{\"@type\":\"ImageObject\",\"inLanguage\":\"es\",\"@id\":\"https:\/\/staging.hub.almaschool.org\/es\/product\/let-my-spirit-go\/#primaryimage\",\"url\":\"https:\/\/staging.hub.almaschool.org\/wp-content\/uploads\/2025\/09\/Cover_edited-scaled-1.jpg\",\"contentUrl\":\"https:\/\/staging.hub.almaschool.org\/wp-content\/uploads\/2025\/09\/Cover_edited-scaled-1.jpg\",\"width\":2560,\"height\":1354},{\"@type\":\"BreadcrumbList\",\"@id\":\"https:\/\/staging.hub.almaschool.org\/es\/product\/let-my-spirit-go\/#breadcrumb\",\"itemListElement\":[{\"@type\":\"ListItem\",\"position\":1,\"name\":\"Home\",\"item\":\"https:\/\/staging.hub.almaschool.org\/es\/\"},{\"@type\":\"ListItem\",\"position\":2,\"name\":\"Products\",\"item\":\"https:\/\/staging.hub.almaschool.org\/en\/shop\/\"},{\"@type\":\"ListItem\",\"position\":3,\"name\":\"\u00a1LET MY SPIRIT GO!\"}]},{\"@type\":\"WebSite\",\"@id\":\"https:\/\/staging.hub.almaschool.org\/he\/#website\",\"url\":\"https:\/\/staging.hub.almaschool.org\/he\/\",\"name\":\"Alma School for Humanity\",\"description\":\"\",\"publisher\":{\"@id\":\"https:\/\/staging.hub.almaschool.org\/he\/#organization\"},\"potentialAction\":[{\"@type\":\"SearchAction\",\"target\":{\"@type\":\"EntryPoint\",\"urlTemplate\":\"https:\/\/staging.hub.almaschool.org\/he\/?s={search_term_string}\"},\"query-input\":{\"@type\":\"PropertyValueSpecification\",\"valueRequired\":true,\"valueName\":\"search_term_string\"}}],\"inLanguage\":\"es\"},{\"@type\":\"Organization\",\"@id\":\"https:\/\/staging.hub.almaschool.org\/he\/#organization\",\"name\":\"Alma School for Humanity\",\"url\":\"https:\/\/staging.hub.almaschool.org\/he\/\",\"logo\":{\"@type\":\"ImageObject\",\"inLanguage\":\"es\",\"@id\":\"https:\/\/staging.hub.almaschool.org\/he\/#\/schema\/logo\/image\/\",\"url\":\"https:\/\/staging.hub.almaschool.org\/wp-content\/uploads\/2024\/12\/email-logo-smaller.png\",\"contentUrl\":\"https:\/\/staging.hub.almaschool.org\/wp-content\/uploads\/2024\/12\/email-logo-smaller.png\",\"width\":500,\"height\":177,\"caption\":\"Alma School for Humanity\"},\"image\":{\"@id\":\"https:\/\/staging.hub.almaschool.org\/he\/#\/schema\/logo\/image\/\"},\"sameAs\":[\"https:\/\/www.facebook.com\/alma.school.en\/\",\"https:\/\/www.instagram.com\/alma.school.for.humanity\",\"https:\/\/youtube.com\/@ASFH-AlmaSchoolForHumanity\"]}]}<\/script>\n<!-- \/ Yoast SEO plugin. -->","yoast_head_json":{"title":"\u00a1LET MY SPIRIT GO! - Alma School for Humanity","robots":{"index":"index","follow":"follow","max-snippet":"max-snippet:-1","max-image-preview":"max-image-preview:large","max-video-preview":"max-video-preview:-1"},"canonical":"https:\/\/staging.hub.almaschool.org\/es\/product\/let-my-spirit-go\/","og_locale":"es_ES","og_type":"article","og_title":"\u00a1LET MY SPIRIT GO! - Alma School for Humanity","og_description":"\u00bfListo para Dejarte Guiar por Tu Esp\u00edritu? \u00a1Aqu\u00ed Tienes Todo lo que Necesitas Saber!","og_url":"https:\/\/staging.hub.almaschool.org\/es\/product\/let-my-spirit-go\/","og_site_name":"Alma School for Humanity","article_publisher":"https:\/\/www.facebook.com\/alma.school.en\/","article_modified_time":"2026-03-15T18:23:41+00:00","og_image":[{"width":2560,"height":1354,"url":"https:\/\/staging.hub.almaschool.org\/wp-content\/uploads\/2025\/09\/Cover_edited-scaled-1.jpg","type":"image\/jpeg"}],"twitter_card":"summary_large_image","twitter_misc":{"Tiempo de lectura":"1 minuto"},"schema":{"@context":"https:\/\/schema.org","@graph":[{"@type":"WebPage","@id":"https:\/\/staging.hub.almaschool.org\/es\/product\/let-my-spirit-go\/","url":"https:\/\/staging.hub.almaschool.org\/es\/product\/let-my-spirit-go\/","name":"\u00a1LET MY SPIRIT GO! - Alma School for Humanity","isPartOf":{"@id":"https:\/\/staging.hub.almaschool.org\/he\/#website"},"primaryImageOfPage":{"@id":"https:\/\/staging.hub.almaschool.org\/es\/product\/let-my-spirit-go\/#primaryimage"},"image":{"@id":"https:\/\/staging.hub.almaschool.org\/es\/product\/let-my-spirit-go\/#primaryimage"},"thumbnailUrl":"https:\/\/staging.hub.almaschool.org\/wp-content\/uploads\/2025\/09\/Cover_edited-scaled-1.jpg","datePublished":"2025-09-15T17:14:19+00:00","dateModified":"2026-03-15T18:23:41+00:00","breadcrumb":{"@id":"https:\/\/staging.hub.almaschool.org\/es\/product\/let-my-spirit-go\/#breadcrumb"},"inLanguage":"es","potentialAction":[{"@type":"ReadAction","target":["https:\/\/staging.hub.almaschool.org\/es\/product\/let-my-spirit-go\/"]}]},{"@type":"ImageObject","inLanguage":"es","@id":"https:\/\/staging.hub.almaschool.org\/es\/product\/let-my-spirit-go\/#primaryimage","url":"https:\/\/staging.hub.almaschool.org\/wp-content\/uploads\/2025\/09\/Cover_edited-scaled-1.jpg","contentUrl":"https:\/\/staging.hub.almaschool.org\/wp-content\/uploads\/2025\/09\/Cover_edited-scaled-1.jpg","width":2560,"height":1354},{"@type":"BreadcrumbList","@id":"https:\/\/staging.hub.almaschool.org\/es\/product\/let-my-spirit-go\/#breadcrumb","itemListElement":[{"@type":"ListItem","position":1,"name":"Home","item":"https:\/\/staging.hub.almaschool.org\/es\/"},{"@type":"ListItem","position":2,"name":"Products","item":"https:\/\/staging.hub.almaschool.org\/en\/shop\/"},{"@type":"ListItem","position":3,"name":"\u00a1LET MY SPIRIT GO!"}]},{"@type":"WebSite","@id":"https:\/\/staging.hub.almaschool.org\/he\/#website","url":"https:\/\/staging.hub.almaschool.org\/he\/","name":"Alma School for Humanity","description":"","publisher":{"@id":"https:\/\/staging.hub.almaschool.org\/he\/#organization"},"potentialAction":[{"@type":"SearchAction","target":{"@type":"EntryPoint","urlTemplate":"https:\/\/staging.hub.almaschool.org\/he\/?s={search_term_string}"},"query-input":{"@type":"PropertyValueSpecification","valueRequired":true,"valueName":"search_term_string"}}],"inLanguage":"es"},{"@type":"Organization","@id":"https:\/\/staging.hub.almaschool.org\/he\/#organization","name":"Alma School for Humanity","url":"https:\/\/staging.hub.almaschool.org\/he\/","logo":{"@type":"ImageObject","inLanguage":"es","@id":"https:\/\/staging.hub.almaschool.org\/he\/#\/schema\/logo\/image\/","url":"https:\/\/staging.hub.almaschool.org\/wp-content\/uploads\/2024\/12\/email-logo-smaller.png","contentUrl":"https:\/\/staging.hub.almaschool.org\/wp-content\/uploads\/2024\/12\/email-logo-smaller.png","width":500,"height":177,"caption":"Alma School for Humanity"},"image":{"@id":"https:\/\/staging.hub.almaschool.org\/he\/#\/schema\/logo\/image\/"},"sameAs":["https:\/\/www.facebook.com\/alma.school.en\/","https:\/\/www.instagram.com\/alma.school.for.humanity","https:\/\/youtube.com\/@ASFH-AlmaSchoolForHumanity"]}]}},"_links":{"self":[{"href":"https:\/\/staging.hub.almaschool.org\/es\/wp-json\/wp\/v2\/product\/25551","targetHints":{"allow":["GET"]}}],"collection":[{"href":"https:\/\/staging.hub.almaschool.org\/es\/wp-json\/wp\/v2\/product"}],"about":[{"href":"https:\/\/staging.hub.almaschool.org\/es\/wp-json\/wp\/v2\/types\/product"}],"author":[{"embeddable":true,"href":"https:\/\/staging.hub.almaschool.org\/es\/wp-json\/wp\/v2\/users\/1"}],"replies":[{"embeddable":true,"href":"https:\/\/staging.hub.almaschool.org\/es\/wp-json\/wp\/v2\/comments?post=25551"}],"wp:featuredmedia":[{"embeddable":true,"href":"https:\/\/staging.hub.almaschool.org\/es\/wp-json\/wp\/v2\/media\/24047"}],"wp:attachment":[{"href":"https:\/\/staging.hub.almaschool.org\/es\/wp-json\/wp\/v2\/media?parent=25551"}],"wp:term":[{"taxonomy":"product_brand","embeddable":true,"href":"https:\/\/staging.hub.almaschool.org\/es\/wp-json\/wp\/v2\/product_brand?post=25551"},{"taxonomy":"product_cat","embeddable":true,"href":"https:\/\/staging.hub.almaschool.org\/es\/wp-json\/wp\/v2\/product_cat?post=25551"},{"taxonomy":"product_tag","embeddable":true,"href":"https:\/\/staging.hub.almaschool.org\/es\/wp-json\/wp\/v2\/product_tag?post=25551"}],"curies":[{"name":"wp","href":"https:\/\/api.w.org\/{rel}","templated":true}]}}