{"id":5472,"date":"2024-03-29T20:36:35","date_gmt":"2024-03-29T17:36:35","guid":{"rendered":"https:\/\/wordpress-1353367-4975723.cloudwaysapps.com\/conditions-generales\/"},"modified":"2026-01-03T13:54:53","modified_gmt":"2026-01-03T11:54:53","slug":"conditions-generales","status":"publish","type":"page","link":"https:\/\/staging.hub.almaschool.org\/fr\/conditions-generales\/","title":{"rendered":"Conditions g\u00e9n\u00e9rales d&rsquo;utilisation"},"content":{"rendered":"\n<p><strong>Acc\u00e8s au mat\u00e9riel d&rsquo;\u00e9tude pour les cours des \u00e9tapes 1 \u00e0 3<\/strong><\/p>\n\n<p>Tous les supports de cours sont num\u00e9riques et accessibles aux \u00e9tudiants en ligne.  <\/p>\n\n<p>Le mat\u00e9riel p\u00e9dagogique de notre premier cours, \u00ab\u00a0Un nouvel \u00eatre humain. Un nouveau monde\u00a0\u00bb est accessible gratuitement \u00e0 tous les \u00e9tudiants. Cela refl\u00e8te notre engagement \u00e0 rendre les connaissances essentielles largement disponibles. <\/p>\n\n<p>Afin de poursuivre notre mission d&rsquo;offrir des cours \u00e0 des prix consid\u00e9rablement r\u00e9duits &#8211; permettant \u00e0 des \u00e9tudiants d&rsquo;origines et de conditions \u00e9conomiques diverses de participer &#8211; nous appr\u00e9cions le soutien de ceux qui peuvent y contribuer. Si vous \u00eates en mesure de le faire, nous vous invitons \u00e0 acheter des cours suppl\u00e9mentaires afin d&rsquo;en faire profiter les autres. Votre g\u00e9n\u00e9rosit\u00e9 permet de subventionner le parcours d&rsquo;apprentissage de ceux qui, autrement, ne pourraient pas acc\u00e9der \u00e0 ces enseignements transformateurs.  <\/p>\n\n<p>Cette approche nous permet de maintenir un environnement d&rsquo;apprentissage inclusif tout en garantissant la capacit\u00e9 continue de l&rsquo;\u00e9cole \u00e0 offrir une \u00e9ducation de haute qualit\u00e9 et accessible aux chercheurs du monde entier.<\/p>\n\n<p>Les supports de cours pour les \u00e9tapes 2 et 3 seront mis \u00e0 la disposition des \u00e9tudiants inscrits pendant six mois \u00e0 compter de la date d&rsquo;inscription. Les programmes de certification b\u00e9n\u00e9ficient de p\u00e9riodes d&rsquo;acc\u00e8s prolong\u00e9es, comme indiqu\u00e9 au moment de l&rsquo;inscription. Les \u00e9tudiants qui souhaitent prolonger cette p\u00e9riode peuvent acheter une prolongation en se connectant \u00e0 leur compte et en g\u00e9rant leurs cours sur https:\/\/staging.hub.almaschool.org\/my-account\/   <\/p>\n\n<p><strong>Utilisation autoris\u00e9e :<\/strong><\/p>\n\n<p>Tous les supports de cours sont destin\u00e9s uniquement \u00e0 des fins \u00e9ducatives. Toute utilisation commerciale est strictement interdite. <\/p>\n\n<p><strong>Acc\u00e8s personnel :<\/strong><\/p>\n\n<p>L&rsquo;acc\u00e8s \u00e0 la plateforme \u00e9ducative de l&rsquo;\u00c9cole Alma pour l&rsquo;Humanit\u00e9 (\u00ab\u00a0hub\u00a0\u00bb), au Forum, aux noms d&rsquo;utilisateur et aux mots de passe est strictement personnel. Ces identifiants ne doivent pas \u00eatre partag\u00e9s ou transf\u00e9r\u00e9s \u00e0 une autre personne. Seul l&rsquo;\u00e9tudiant inscrit \u00e0 qui l&rsquo;acc\u00e8s a \u00e9t\u00e9 accord\u00e9 peut utiliser ces ressources.  <\/p>\n\n<p><strong>Droits de propri\u00e9t\u00e9 intellectuelle<\/strong><\/p>\n\n<p>1. Propri\u00e9t\u00e9 :<\/p>\n\n<p> Alma School for Humanity est d\u00e9tenue \u00e0 100 % par Alma Inspira Ltd. Aux fins du pr\u00e9sent document, les deux entit\u00e9s sont d\u00e9sign\u00e9es collectivement par le terme \u00ab\u00a0Alma School\u00a0\u00bb. <\/p>\n\n<p>2. Marques d\u00e9pos\u00e9es :<\/p>\n\n<p>Les noms de marque, les logos, les cours, les programmes scolaires et les logos associ\u00e9s de l&rsquo;Alma School sont des marques d\u00e9pos\u00e9es d&rsquo;Alma Inspira Ltd. Leur utilisation est strictement limit\u00e9e aux activit\u00e9s officielles de l&rsquo;Alma School et n\u00e9cessite l&rsquo;accord \u00e9crit explicite de la direction de l&rsquo;Alma School. <\/p>\n\n<p>3. Droits d&rsquo;auteur :<\/p>\n\n<p> Tous les droits de propri\u00e9t\u00e9 intellectuelle relatifs \u00e0 l&rsquo;ensemble des cours, programmes, initiatives, mat\u00e9riels \u00e9v\u00e9nementiels et contenus connexes de l&rsquo;\u00e9cole sont la propri\u00e9t\u00e9 exclusive de l&rsquo;Alma School ou de ses conc\u00e9dants de licence. La distribution et\/ou le partage non autoris\u00e9s de mat\u00e9riel de cours sans l&rsquo;approbation \u00e9crite explicite de l&rsquo;Alma School for Humanity et\/ou de ses entit\u00e9s associ\u00e9es, et\/ou sans paiement appropri\u00e9, constituent une violation directe du commandement \u00ab\u00a0Tu ne voleras pas\u00a0\u00bb. En outre, de telles actions enfreignent les lois et r\u00e8glementations applicables en mati\u00e8re de droits d&rsquo;auteur  <\/p>\n\n<p>4. Actions interdites :<\/p>\n\n<p>  Il est strictement interdit de diffuser, de publier, de reproduire ou de faciliter l&rsquo;acc\u00e8s \u00e0 tout mat\u00e9riel de l&rsquo;Alma School par le biais de tout m\u00e9dia ou support sans l&rsquo;autorisation \u00e9crite expresse de la direction de l&rsquo;Alma School.<\/p>\n\n<p>5. Application de la loi :<\/p>\n\n<p>  Alma School se r\u00e9serve le droit de prendre les mesures l\u00e9gales appropri\u00e9es pour prot\u00e9ger ses droits de propri\u00e9t\u00e9 intellectuelle contre toute utilisation, reproduction ou distribution non autoris\u00e9e.<\/p>\n\n<p>6. Octroi de licences :<\/p>\n\n<p> Toute utilisation de la propri\u00e9t\u00e9 intellectuelle de l&rsquo;Alma School par des tiers doit faire l&rsquo;objet d&rsquo;un accord de licence distinct, explicitement autoris\u00e9 par \u00e9crit par la direction de l&rsquo;Alma School.<\/p>\n\n<p>7. Modifications :<\/p>\n\n<p>  Alma School se r\u00e9serve le droit de modifier, d&rsquo;actualiser ou d&rsquo;amender les pr\u00e9sentes conditions de propri\u00e9t\u00e9 intellectuelle \u00e0 tout moment et sans pr\u00e9avis.<\/p>\n\n<p>En vous inscrivant \u00e0 nos cours et\/ou en utilisant le contenu ou les services d&rsquo;Alma School, vous reconnaissez et acceptez de respecter ces conditions. Toute violation peut entra\u00eener la r\u00e9siliation imm\u00e9diate de l&rsquo;acc\u00e8s et d&rsquo;\u00e9ventuelles poursuites judiciaires. <\/p>\n\n<p><strong>Co\u00fbts et paiements<\/strong><\/p>\n\n<p>Le mod\u00e8le \u00e9conomique de l&rsquo;\u00c9cole Alma pour l&rsquo;Humanit\u00e9 s&rsquo;aligne sur trois principes issus des Lois de la Cr\u00e9ation :<\/p>\n\n<p>1. <strong>Ce n&rsquo;est qu&rsquo;en donnant que l&rsquo;on peut recevoir :<\/strong> Cette loi de la cr\u00e9ation affirme que la v\u00e9ritable appr\u00e9ciation et l&rsquo;absorption de la connaissance passent par l&rsquo;acte de donner.<\/p>\n\n<p>2. <strong>Sans subsistance, il ne peut y avoir de croissance spirituelle :<\/strong><strong> <\/strong>Une base financi\u00e8re solide est essentielle pour toute organisation, y compris les organisations spirituelles, afin de fournir un service de qualit\u00e9 de mani\u00e8re coh\u00e9rente et de remplir sa mission.<\/p>\n\n<p>3. <strong>\u00ab\u00a0L&rsquo;\u00c9ternel est proche de tous ceux qui l&rsquo;invoquent, de tous ceux qui l&rsquo;invoquent en v\u00e9rit\u00e9.\u00a0\u00bb (Psaumes 145:18) :<\/strong> Chaque individu a un droit inh\u00e9rent \u00e0 la V\u00e9rit\u00e9, quelle que soit sa situation financi\u00e8re.<\/p>\n\n<p>Pour \u00e9quilibrer ces principes, nous avons mis en place une structure de paiement flexible pour nos cours. Chaque personne a la possibilit\u00e9 de contribuer en fonction de ses capacit\u00e9s r\u00e9elles et de son int\u00e9grit\u00e9. <\/p>\n\n<p>Pour un aper\u00e7u complet du mod\u00e8le financier d&rsquo;Alma, veuillez vous r\u00e9f\u00e9rer \u00e0 notre article d\u00e9taill\u00e9 : <a href=\"https:\/\/almaschool.org\/fr\/souvent-on-se-demande-quelle-est-la-bonne-attitude-a-adopter-envers-largent-et-lacquisition-de-biens-terrestres-pour-une-personne-qui-aspire-au-developpement-spirituel-la-reponse\/\" target=\"_blank\" rel=\"noreferrer noopener\">L&rsquo;argent et la spiritualit\u00e9 selon les Lois de la Cr\u00e9ation.<\/a><\/p>\n\n<p><strong>Tarification diff\u00e9renci\u00e9e des cours<\/strong><\/p>\n\n<p>Nous proposons trois niveaux de prix pour tous les cours de l&rsquo;\u00e9tape 1 \u00e0 3, afin de r\u00e9pondre \u00e0 diff\u00e9rentes situations financi\u00e8res :<\/p>\n\n<p>1. Tarif subventionn\u00e9 : Pour les personnes qui n&rsquo;ont pas les moyens de payer le tarif normal.<\/p>\n\n<p>2. Taux standard : Applicable dans la plupart des cas.<\/p>\n\n<p>3. Taux providentiel : Pour les personnes financi\u00e8rement capables de contribuer \u00e0 un taux plus \u00e9lev\u00e9, en soutenant la mission de l&rsquo;\u00e9cole.<\/p>\n\n<p>Les \u00e9tudiants peuvent offrir un cours ou une conf\u00e9rence en achetant une carte-cadeau, qui sera envoy\u00e9e directement par e-mail au destinataire. Pour acheter une carte-cadeau, veuillez suivre le lien Cadeau. <\/p>\n\n<p>Notre programme \u00ab\u00a0Contribuer pour les suivants\u00a0\u00bb permet aux \u00e9tudiants de soutenir l&rsquo;\u00e9cole en achetant des cours suppl\u00e9mentaires \u00e0 un tarif fixe, ce qui nous permet de continuer \u00e0 offrir des tarifs subventionn\u00e9s \u00e0 d&rsquo;autres. Pour soutenir l&rsquo;\u00e9cole, veuillez suivre le <g id=\"gid_0\">lien Soutien.<\/g> <\/p>\n\n<p>Les frais de cours peuvent \u00eatre r\u00e9gl\u00e9s par le biais de diff\u00e9rentes options de paiement en ligne. Veuillez noter que les tarifs peuvent changer au fil du temps. <\/p>\n\n<p>L&rsquo;\u00c9cole Alma pour l&rsquo;Humanit\u00e9 se r\u00e9serve le droit d&rsquo;ajuster les tarifs ou d&rsquo;offrir des tarifs sp\u00e9ciaux subventionn\u00e9s pour des individus ou des groupes, si elle le juge n\u00e9cessaire.<\/p>\n\n<p>En adoptant ce mod\u00e8le, nous nous effor\u00e7ons de rendre nos enseignements accessibles tout en assurant la durabilit\u00e9 de l&rsquo;\u00e9cole et en honorant le principe de r\u00e9ciprocit\u00e9 dans l&rsquo;apprentissage.<\/p>\n","protected":false},"excerpt":{"rendered":"<p>Acc\u00e8s au mat\u00e9riel d&rsquo;\u00e9tude pour les cours des \u00e9tapes 1 \u00e0 3 Tous les supports de cours sont num\u00e9riques et accessibles aux \u00e9tudiants en ligne.&hellip;<\/p>\n","protected":false},"author":1,"featured_media":0,"parent":0,"menu_order":0,"comment_status":"closed","ping_status":"closed","template":"","meta":{"footnotes":""},"class_list":["post-5472","page","type-page","status-publish","hentry"],"yoast_head":"<!-- This site is optimized with the Yoast SEO plugin v26.9 - https:\/\/yoast.com\/product\/yoast-seo-wordpress\/ -->\n<title>Conditions g\u00e9n\u00e9rales d&#039;utilisation - Alma School for Humanity<\/title>\n<meta name=\"robots\" content=\"index, follow, max-snippet:-1, max-image-preview:large, max-video-preview:-1\" \/>\n<link rel=\"canonical\" href=\"https:\/\/staging.hub.almaschool.org\/en\/terms-and-conditions\/\" \/>\n<meta property=\"og:locale\" content=\"fr_FR\" \/>\n<meta property=\"og:type\" content=\"article\" \/>\n<meta property=\"og:title\" content=\"Conditions g\u00e9n\u00e9rales d&#039;utilisation - Alma School for Humanity\" \/>\n<meta property=\"og:description\" content=\"Acc\u00e8s au mat\u00e9riel d&rsquo;\u00e9tude pour les cours des \u00e9tapes 1 \u00e0 3 Tous les supports de cours sont num\u00e9riques et accessibles aux \u00e9tudiants en ligne.&hellip;\" \/>\n<meta property=\"og:url\" content=\"https:\/\/staging.hub.almaschool.org\/en\/terms-and-conditions\/\" \/>\n<meta property=\"og:site_name\" content=\"Alma School for Humanity\" \/>\n<meta property=\"article:publisher\" content=\"https:\/\/www.facebook.com\/alma.school.en\/\" \/>\n<meta property=\"article:modified_time\" content=\"2026-01-03T11:54:53+00:00\" \/>\n<meta name=\"twitter:card\" content=\"summary_large_image\" \/>\n<meta name=\"twitter:label1\" content=\"Dur\u00e9e de lecture estim\u00e9e\" \/>\n\t<meta name=\"twitter:data1\" content=\"6 minutes\" \/>\n<script type=\"application\/ld+json\" class=\"yoast-schema-graph\">{\"@context\":\"https:\/\/schema.org\",\"@graph\":[{\"@type\":\"WebPage\",\"@id\":\"https:\/\/staging.hub.almaschool.org\/en\/terms-and-conditions\/\",\"url\":\"https:\/\/staging.hub.almaschool.org\/en\/terms-and-conditions\/\",\"name\":\"Conditions g\u00e9n\u00e9rales d'utilisation - Alma School for Humanity\",\"isPartOf\":{\"@id\":\"https:\/\/staging.hub.almaschool.org\/he\/#website\"},\"datePublished\":\"2024-03-29T17:36:35+00:00\",\"dateModified\":\"2026-01-03T11:54:53+00:00\",\"breadcrumb\":{\"@id\":\"https:\/\/staging.hub.almaschool.org\/en\/terms-and-conditions\/#breadcrumb\"},\"inLanguage\":\"fr-FR\",\"potentialAction\":[{\"@type\":\"ReadAction\",\"target\":[\"https:\/\/staging.hub.almaschool.org\/en\/terms-and-conditions\/\"]}]},{\"@type\":\"BreadcrumbList\",\"@id\":\"https:\/\/staging.hub.almaschool.org\/en\/terms-and-conditions\/#breadcrumb\",\"itemListElement\":[{\"@type\":\"ListItem\",\"position\":1,\"name\":\"Home\",\"item\":\"https:\/\/staging.hub.almaschool.org\/fr\/\"},{\"@type\":\"ListItem\",\"position\":2,\"name\":\"Conditions g\u00e9n\u00e9rales d&#8217;utilisation\"}]},{\"@type\":\"WebSite\",\"@id\":\"https:\/\/staging.hub.almaschool.org\/he\/#website\",\"url\":\"https:\/\/staging.hub.almaschool.org\/he\/\",\"name\":\"Alma School for Humanity\",\"description\":\"\",\"publisher\":{\"@id\":\"https:\/\/staging.hub.almaschool.org\/he\/#organization\"},\"potentialAction\":[{\"@type\":\"SearchAction\",\"target\":{\"@type\":\"EntryPoint\",\"urlTemplate\":\"https:\/\/staging.hub.almaschool.org\/he\/?s={search_term_string}\"},\"query-input\":{\"@type\":\"PropertyValueSpecification\",\"valueRequired\":true,\"valueName\":\"search_term_string\"}}],\"inLanguage\":\"fr-FR\"},{\"@type\":\"Organization\",\"@id\":\"https:\/\/staging.hub.almaschool.org\/he\/#organization\",\"name\":\"Alma School for Humanity\",\"url\":\"https:\/\/staging.hub.almaschool.org\/he\/\",\"logo\":{\"@type\":\"ImageObject\",\"inLanguage\":\"fr-FR\",\"@id\":\"https:\/\/staging.hub.almaschool.org\/he\/#\/schema\/logo\/image\/\",\"url\":\"https:\/\/staging.hub.almaschool.org\/wp-content\/uploads\/2024\/12\/email-logo-smaller.png\",\"contentUrl\":\"https:\/\/staging.hub.almaschool.org\/wp-content\/uploads\/2024\/12\/email-logo-smaller.png\",\"width\":500,\"height\":177,\"caption\":\"Alma School for Humanity\"},\"image\":{\"@id\":\"https:\/\/staging.hub.almaschool.org\/he\/#\/schema\/logo\/image\/\"},\"sameAs\":[\"https:\/\/www.facebook.com\/alma.school.en\/\",\"https:\/\/www.instagram.com\/alma.school.for.humanity\",\"https:\/\/youtube.com\/@ASFH-AlmaSchoolForHumanity\"]}]}<\/script>\n<!-- \/ Yoast SEO plugin. -->","yoast_head_json":{"title":"Conditions g\u00e9n\u00e9rales d'utilisation - Alma School for Humanity","robots":{"index":"index","follow":"follow","max-snippet":"max-snippet:-1","max-image-preview":"max-image-preview:large","max-video-preview":"max-video-preview:-1"},"canonical":"https:\/\/staging.hub.almaschool.org\/en\/terms-and-conditions\/","og_locale":"fr_FR","og_type":"article","og_title":"Conditions g\u00e9n\u00e9rales d'utilisation - Alma School for Humanity","og_description":"Acc\u00e8s au mat\u00e9riel d&rsquo;\u00e9tude pour les cours des \u00e9tapes 1 \u00e0 3 Tous les supports de cours sont num\u00e9riques et accessibles aux \u00e9tudiants en ligne.&hellip;","og_url":"https:\/\/staging.hub.almaschool.org\/en\/terms-and-conditions\/","og_site_name":"Alma School for Humanity","article_publisher":"https:\/\/www.facebook.com\/alma.school.en\/","article_modified_time":"2026-01-03T11:54:53+00:00","twitter_card":"summary_large_image","twitter_misc":{"Dur\u00e9e de lecture estim\u00e9e":"6 minutes"},"schema":{"@context":"https:\/\/schema.org","@graph":[{"@type":"WebPage","@id":"https:\/\/staging.hub.almaschool.org\/en\/terms-and-conditions\/","url":"https:\/\/staging.hub.almaschool.org\/en\/terms-and-conditions\/","name":"Conditions g\u00e9n\u00e9rales d'utilisation - Alma School for Humanity","isPartOf":{"@id":"https:\/\/staging.hub.almaschool.org\/he\/#website"},"datePublished":"2024-03-29T17:36:35+00:00","dateModified":"2026-01-03T11:54:53+00:00","breadcrumb":{"@id":"https:\/\/staging.hub.almaschool.org\/en\/terms-and-conditions\/#breadcrumb"},"inLanguage":"fr-FR","potentialAction":[{"@type":"ReadAction","target":["https:\/\/staging.hub.almaschool.org\/en\/terms-and-conditions\/"]}]},{"@type":"BreadcrumbList","@id":"https:\/\/staging.hub.almaschool.org\/en\/terms-and-conditions\/#breadcrumb","itemListElement":[{"@type":"ListItem","position":1,"name":"Home","item":"https:\/\/staging.hub.almaschool.org\/fr\/"},{"@type":"ListItem","position":2,"name":"Conditions g\u00e9n\u00e9rales d&#8217;utilisation"}]},{"@type":"WebSite","@id":"https:\/\/staging.hub.almaschool.org\/he\/#website","url":"https:\/\/staging.hub.almaschool.org\/he\/","name":"Alma School for Humanity","description":"","publisher":{"@id":"https:\/\/staging.hub.almaschool.org\/he\/#organization"},"potentialAction":[{"@type":"SearchAction","target":{"@type":"EntryPoint","urlTemplate":"https:\/\/staging.hub.almaschool.org\/he\/?s={search_term_string}"},"query-input":{"@type":"PropertyValueSpecification","valueRequired":true,"valueName":"search_term_string"}}],"inLanguage":"fr-FR"},{"@type":"Organization","@id":"https:\/\/staging.hub.almaschool.org\/he\/#organization","name":"Alma School for Humanity","url":"https:\/\/staging.hub.almaschool.org\/he\/","logo":{"@type":"ImageObject","inLanguage":"fr-FR","@id":"https:\/\/staging.hub.almaschool.org\/he\/#\/schema\/logo\/image\/","url":"https:\/\/staging.hub.almaschool.org\/wp-content\/uploads\/2024\/12\/email-logo-smaller.png","contentUrl":"https:\/\/staging.hub.almaschool.org\/wp-content\/uploads\/2024\/12\/email-logo-smaller.png","width":500,"height":177,"caption":"Alma School for Humanity"},"image":{"@id":"https:\/\/staging.hub.almaschool.org\/he\/#\/schema\/logo\/image\/"},"sameAs":["https:\/\/www.facebook.com\/alma.school.en\/","https:\/\/www.instagram.com\/alma.school.for.humanity","https:\/\/youtube.com\/@ASFH-AlmaSchoolForHumanity"]}]}},"_links":{"self":[{"href":"https:\/\/staging.hub.almaschool.org\/fr\/wp-json\/wp\/v2\/pages\/5472","targetHints":{"allow":["GET"]}}],"collection":[{"href":"https:\/\/staging.hub.almaschool.org\/fr\/wp-json\/wp\/v2\/pages"}],"about":[{"href":"https:\/\/staging.hub.almaschool.org\/fr\/wp-json\/wp\/v2\/types\/page"}],"author":[{"embeddable":true,"href":"https:\/\/staging.hub.almaschool.org\/fr\/wp-json\/wp\/v2\/users\/1"}],"replies":[{"embeddable":true,"href":"https:\/\/staging.hub.almaschool.org\/fr\/wp-json\/wp\/v2\/comments?post=5472"}],"version-history":[{"count":3,"href":"https:\/\/staging.hub.almaschool.org\/fr\/wp-json\/wp\/v2\/pages\/5472\/revisions"}],"predecessor-version":[{"id":28447,"href":"https:\/\/staging.hub.almaschool.org\/fr\/wp-json\/wp\/v2\/pages\/5472\/revisions\/28447"}],"wp:attachment":[{"href":"https:\/\/staging.hub.almaschool.org\/fr\/wp-json\/wp\/v2\/media?parent=5472"}],"curies":[{"name":"wp","href":"https:\/\/api.w.org\/{rel}","templated":true}]}}