{"id":25536,"date":"2025-09-15T20:14:19","date_gmt":"2025-09-15T17:14:19","guid":{"rendered":"https:\/\/hub.almaschool.org\/product\/deixai-ir-o-meu-espirito\/"},"modified":"2026-03-15T20:24:09","modified_gmt":"2026-03-15T18:24:09","slug":"deixai-ir-o-meu-espirito","status":"publish","type":"product","link":"https:\/\/staging.hub.almaschool.org\/pt-br\/product\/deixai-ir-o-meu-espirito\/","title":{"rendered":"DEIXAI IR O MEU ESP\u00cdRITO!"},"content":{"rendered":"<ul>\n<li><strong>12 videoaulas<\/strong> &#8211; Gravadas de aulas ao vivo no Zoom, apresentadas em ingl\u00eas com legendas e\/ou dublagem em v\u00e1rios idiomas<\/li>\n<li><strong>12 textos para leitura<\/strong> &#8211; Materiais abrangentes para cada li\u00e7\u00e3o (Introdu\u00e7\u00e3o, 10 li\u00e7\u00f5es principais e conclus\u00e3o) dispon\u00edveis em ingl\u00eas e em v\u00e1rios outros idiomas, com mais idiomas sendo adicionados<\/li>\n<li><strong>12 arquivos de \u00e1udio <\/strong>&#8211; Com base nos textos escritos, dispon\u00edveis em ingl\u00eas e em v\u00e1rios outros idiomas, com mais idiomas sendo adicionados<\/li>\n<li><strong>Sess\u00f5es pr\u00e1ticas de Zoom ao vivo com os instrutores do curso<\/strong><\/li>\n<li><strong>Acesso ao f\u00f3rum <\/strong>&#8211; Participe de debates no n\u00edvel do curso DEIXAI IR O MEU ESP\u00cdRITO! na rede social da Alma Escola, criada para promover a consci\u00eancia espiritual. Conecte-se com alunos do mundo todo, fa\u00e7a perguntas e compartilhe experi\u00eancias <\/li>\n<li><strong>Acesso por 6 meses<\/strong> &#8211; Acesso total a todos os materiais do curso a partir da data de inscri\u00e7\u00e3o.<\/li>\n<\/ul>\n","protected":false},"excerpt":{"rendered":"<p>Voc\u00ea est\u00e1 pronto para deixar o seu esp\u00edrito liderar? Aqui est\u00e1 tudo o que voc\u00ea precisa saber! <\/p>\n","protected":false},"author":1,"featured_media":24045,"comment_status":"open","ping_status":"closed","template":"","meta":[],"product_brand":[],"product_cat":[120],"product_tag":[446],"class_list":{"0":"post-25536","1":"product","2":"type-product","3":"status-publish","4":"has-post-thumbnail","6":"product_cat-cursos","7":"product_tag-lmsg-new","9":"first","10":"instock","11":"sold-individually","12":"shipping-taxable","13":"purchasable","14":"product-type-variable"},"yoast_head":"<!-- This site is optimized with the Yoast SEO plugin v26.9 - https:\/\/yoast.com\/product\/yoast-seo-wordpress\/ -->\n<title>DEIXAI IR O MEU ESP\u00cdRITO! - Alma School for Humanity<\/title>\n<meta name=\"robots\" content=\"index, follow, max-snippet:-1, max-image-preview:large, max-video-preview:-1\" \/>\n<link rel=\"canonical\" href=\"https:\/\/staging.hub.almaschool.org\/pt-br\/product\/deixai-ir-o-meu-espirito\/\" \/>\n<meta property=\"og:locale\" content=\"pt_BR\" \/>\n<meta property=\"og:type\" content=\"article\" \/>\n<meta property=\"og:title\" content=\"DEIXAI IR O MEU ESP\u00cdRITO! - Alma School for Humanity\" \/>\n<meta property=\"og:description\" content=\"Voc\u00ea est\u00e1 pronto para deixar o seu esp\u00edrito liderar? Aqui est\u00e1 tudo o que voc\u00ea precisa saber!\" \/>\n<meta property=\"og:url\" content=\"https:\/\/staging.hub.almaschool.org\/pt-br\/product\/deixai-ir-o-meu-espirito\/\" \/>\n<meta property=\"og:site_name\" content=\"Alma School for Humanity\" \/>\n<meta property=\"article:publisher\" content=\"https:\/\/www.facebook.com\/alma.school.en\/\" \/>\n<meta property=\"article:modified_time\" content=\"2026-03-15T18:24:09+00:00\" \/>\n<meta property=\"og:image\" content=\"https:\/\/staging.hub.almaschool.org\/wp-content\/uploads\/2025\/09\/Cover_edited-scaled-1.jpg\" \/>\n\t<meta property=\"og:image:width\" content=\"2560\" \/>\n\t<meta property=\"og:image:height\" content=\"1354\" \/>\n\t<meta property=\"og:image:type\" content=\"image\/jpeg\" \/>\n<meta name=\"twitter:card\" content=\"summary_large_image\" \/>\n<meta name=\"twitter:label1\" content=\"Est. tempo de leitura\" \/>\n\t<meta name=\"twitter:data1\" content=\"1 minuto\" \/>\n<script type=\"application\/ld+json\" class=\"yoast-schema-graph\">{\"@context\":\"https:\/\/schema.org\",\"@graph\":[{\"@type\":\"WebPage\",\"@id\":\"https:\/\/staging.hub.almaschool.org\/pt-br\/product\/deixai-ir-o-meu-espirito\/\",\"url\":\"https:\/\/staging.hub.almaschool.org\/pt-br\/product\/deixai-ir-o-meu-espirito\/\",\"name\":\"DEIXAI IR O MEU ESP\u00cdRITO! - Alma School for Humanity\",\"isPartOf\":{\"@id\":\"https:\/\/staging.hub.almaschool.org\/he\/#website\"},\"primaryImageOfPage\":{\"@id\":\"https:\/\/staging.hub.almaschool.org\/pt-br\/product\/deixai-ir-o-meu-espirito\/#primaryimage\"},\"image\":{\"@id\":\"https:\/\/staging.hub.almaschool.org\/pt-br\/product\/deixai-ir-o-meu-espirito\/#primaryimage\"},\"thumbnailUrl\":\"https:\/\/staging.hub.almaschool.org\/wp-content\/uploads\/2025\/09\/Cover_edited-scaled-1.jpg\",\"datePublished\":\"2025-09-15T17:14:19+00:00\",\"dateModified\":\"2026-03-15T18:24:09+00:00\",\"breadcrumb\":{\"@id\":\"https:\/\/staging.hub.almaschool.org\/pt-br\/product\/deixai-ir-o-meu-espirito\/#breadcrumb\"},\"inLanguage\":\"pt-BR\",\"potentialAction\":[{\"@type\":\"ReadAction\",\"target\":[\"https:\/\/staging.hub.almaschool.org\/pt-br\/product\/deixai-ir-o-meu-espirito\/\"]}]},{\"@type\":\"ImageObject\",\"inLanguage\":\"pt-BR\",\"@id\":\"https:\/\/staging.hub.almaschool.org\/pt-br\/product\/deixai-ir-o-meu-espirito\/#primaryimage\",\"url\":\"https:\/\/staging.hub.almaschool.org\/wp-content\/uploads\/2025\/09\/Cover_edited-scaled-1.jpg\",\"contentUrl\":\"https:\/\/staging.hub.almaschool.org\/wp-content\/uploads\/2025\/09\/Cover_edited-scaled-1.jpg\",\"width\":2560,\"height\":1354},{\"@type\":\"BreadcrumbList\",\"@id\":\"https:\/\/staging.hub.almaschool.org\/pt-br\/product\/deixai-ir-o-meu-espirito\/#breadcrumb\",\"itemListElement\":[{\"@type\":\"ListItem\",\"position\":1,\"name\":\"Home\",\"item\":\"https:\/\/staging.hub.almaschool.org\/pt-br\/pagina-inicial\/\"},{\"@type\":\"ListItem\",\"position\":2,\"name\":\"Products\",\"item\":\"https:\/\/staging.hub.almaschool.org\/en\/shop\/\"},{\"@type\":\"ListItem\",\"position\":3,\"name\":\"DEIXAI IR O MEU ESP\u00cdRITO!\"}]},{\"@type\":\"WebSite\",\"@id\":\"https:\/\/staging.hub.almaschool.org\/he\/#website\",\"url\":\"https:\/\/staging.hub.almaschool.org\/he\/\",\"name\":\"Alma School for Humanity\",\"description\":\"\",\"publisher\":{\"@id\":\"https:\/\/staging.hub.almaschool.org\/he\/#organization\"},\"potentialAction\":[{\"@type\":\"SearchAction\",\"target\":{\"@type\":\"EntryPoint\",\"urlTemplate\":\"https:\/\/staging.hub.almaschool.org\/he\/?s={search_term_string}\"},\"query-input\":{\"@type\":\"PropertyValueSpecification\",\"valueRequired\":true,\"valueName\":\"search_term_string\"}}],\"inLanguage\":\"pt-BR\"},{\"@type\":\"Organization\",\"@id\":\"https:\/\/staging.hub.almaschool.org\/he\/#organization\",\"name\":\"Alma School for Humanity\",\"url\":\"https:\/\/staging.hub.almaschool.org\/he\/\",\"logo\":{\"@type\":\"ImageObject\",\"inLanguage\":\"pt-BR\",\"@id\":\"https:\/\/staging.hub.almaschool.org\/he\/#\/schema\/logo\/image\/\",\"url\":\"https:\/\/staging.hub.almaschool.org\/wp-content\/uploads\/2024\/12\/email-logo-smaller.png\",\"contentUrl\":\"https:\/\/staging.hub.almaschool.org\/wp-content\/uploads\/2024\/12\/email-logo-smaller.png\",\"width\":500,\"height\":177,\"caption\":\"Alma School for Humanity\"},\"image\":{\"@id\":\"https:\/\/staging.hub.almaschool.org\/he\/#\/schema\/logo\/image\/\"},\"sameAs\":[\"https:\/\/www.facebook.com\/alma.school.en\/\",\"https:\/\/www.instagram.com\/alma.school.for.humanity\",\"https:\/\/youtube.com\/@ASFH-AlmaSchoolForHumanity\"]}]}<\/script>\n<!-- \/ Yoast SEO plugin. -->","yoast_head_json":{"title":"DEIXAI IR O MEU ESP\u00cdRITO! - Alma School for Humanity","robots":{"index":"index","follow":"follow","max-snippet":"max-snippet:-1","max-image-preview":"max-image-preview:large","max-video-preview":"max-video-preview:-1"},"canonical":"https:\/\/staging.hub.almaschool.org\/pt-br\/product\/deixai-ir-o-meu-espirito\/","og_locale":"pt_BR","og_type":"article","og_title":"DEIXAI IR O MEU ESP\u00cdRITO! - Alma School for Humanity","og_description":"Voc\u00ea est\u00e1 pronto para deixar o seu esp\u00edrito liderar? Aqui est\u00e1 tudo o que voc\u00ea precisa saber!","og_url":"https:\/\/staging.hub.almaschool.org\/pt-br\/product\/deixai-ir-o-meu-espirito\/","og_site_name":"Alma School for Humanity","article_publisher":"https:\/\/www.facebook.com\/alma.school.en\/","article_modified_time":"2026-03-15T18:24:09+00:00","og_image":[{"width":2560,"height":1354,"url":"https:\/\/staging.hub.almaschool.org\/wp-content\/uploads\/2025\/09\/Cover_edited-scaled-1.jpg","type":"image\/jpeg"}],"twitter_card":"summary_large_image","twitter_misc":{"Est. tempo de leitura":"1 minuto"},"schema":{"@context":"https:\/\/schema.org","@graph":[{"@type":"WebPage","@id":"https:\/\/staging.hub.almaschool.org\/pt-br\/product\/deixai-ir-o-meu-espirito\/","url":"https:\/\/staging.hub.almaschool.org\/pt-br\/product\/deixai-ir-o-meu-espirito\/","name":"DEIXAI IR O MEU ESP\u00cdRITO! - Alma School for Humanity","isPartOf":{"@id":"https:\/\/staging.hub.almaschool.org\/he\/#website"},"primaryImageOfPage":{"@id":"https:\/\/staging.hub.almaschool.org\/pt-br\/product\/deixai-ir-o-meu-espirito\/#primaryimage"},"image":{"@id":"https:\/\/staging.hub.almaschool.org\/pt-br\/product\/deixai-ir-o-meu-espirito\/#primaryimage"},"thumbnailUrl":"https:\/\/staging.hub.almaschool.org\/wp-content\/uploads\/2025\/09\/Cover_edited-scaled-1.jpg","datePublished":"2025-09-15T17:14:19+00:00","dateModified":"2026-03-15T18:24:09+00:00","breadcrumb":{"@id":"https:\/\/staging.hub.almaschool.org\/pt-br\/product\/deixai-ir-o-meu-espirito\/#breadcrumb"},"inLanguage":"pt-BR","potentialAction":[{"@type":"ReadAction","target":["https:\/\/staging.hub.almaschool.org\/pt-br\/product\/deixai-ir-o-meu-espirito\/"]}]},{"@type":"ImageObject","inLanguage":"pt-BR","@id":"https:\/\/staging.hub.almaschool.org\/pt-br\/product\/deixai-ir-o-meu-espirito\/#primaryimage","url":"https:\/\/staging.hub.almaschool.org\/wp-content\/uploads\/2025\/09\/Cover_edited-scaled-1.jpg","contentUrl":"https:\/\/staging.hub.almaschool.org\/wp-content\/uploads\/2025\/09\/Cover_edited-scaled-1.jpg","width":2560,"height":1354},{"@type":"BreadcrumbList","@id":"https:\/\/staging.hub.almaschool.org\/pt-br\/product\/deixai-ir-o-meu-espirito\/#breadcrumb","itemListElement":[{"@type":"ListItem","position":1,"name":"Home","item":"https:\/\/staging.hub.almaschool.org\/pt-br\/pagina-inicial\/"},{"@type":"ListItem","position":2,"name":"Products","item":"https:\/\/staging.hub.almaschool.org\/en\/shop\/"},{"@type":"ListItem","position":3,"name":"DEIXAI IR O MEU ESP\u00cdRITO!"}]},{"@type":"WebSite","@id":"https:\/\/staging.hub.almaschool.org\/he\/#website","url":"https:\/\/staging.hub.almaschool.org\/he\/","name":"Alma School for Humanity","description":"","publisher":{"@id":"https:\/\/staging.hub.almaschool.org\/he\/#organization"},"potentialAction":[{"@type":"SearchAction","target":{"@type":"EntryPoint","urlTemplate":"https:\/\/staging.hub.almaschool.org\/he\/?s={search_term_string}"},"query-input":{"@type":"PropertyValueSpecification","valueRequired":true,"valueName":"search_term_string"}}],"inLanguage":"pt-BR"},{"@type":"Organization","@id":"https:\/\/staging.hub.almaschool.org\/he\/#organization","name":"Alma School for Humanity","url":"https:\/\/staging.hub.almaschool.org\/he\/","logo":{"@type":"ImageObject","inLanguage":"pt-BR","@id":"https:\/\/staging.hub.almaschool.org\/he\/#\/schema\/logo\/image\/","url":"https:\/\/staging.hub.almaschool.org\/wp-content\/uploads\/2024\/12\/email-logo-smaller.png","contentUrl":"https:\/\/staging.hub.almaschool.org\/wp-content\/uploads\/2024\/12\/email-logo-smaller.png","width":500,"height":177,"caption":"Alma School for Humanity"},"image":{"@id":"https:\/\/staging.hub.almaschool.org\/he\/#\/schema\/logo\/image\/"},"sameAs":["https:\/\/www.facebook.com\/alma.school.en\/","https:\/\/www.instagram.com\/alma.school.for.humanity","https:\/\/youtube.com\/@ASFH-AlmaSchoolForHumanity"]}]}},"_links":{"self":[{"href":"https:\/\/staging.hub.almaschool.org\/pt-br\/wp-json\/wp\/v2\/product\/25536","targetHints":{"allow":["GET"]}}],"collection":[{"href":"https:\/\/staging.hub.almaschool.org\/pt-br\/wp-json\/wp\/v2\/product"}],"about":[{"href":"https:\/\/staging.hub.almaschool.org\/pt-br\/wp-json\/wp\/v2\/types\/product"}],"author":[{"embeddable":true,"href":"https:\/\/staging.hub.almaschool.org\/pt-br\/wp-json\/wp\/v2\/users\/1"}],"replies":[{"embeddable":true,"href":"https:\/\/staging.hub.almaschool.org\/pt-br\/wp-json\/wp\/v2\/comments?post=25536"}],"wp:featuredmedia":[{"embeddable":true,"href":"https:\/\/staging.hub.almaschool.org\/pt-br\/wp-json\/wp\/v2\/media\/24045"}],"wp:attachment":[{"href":"https:\/\/staging.hub.almaschool.org\/pt-br\/wp-json\/wp\/v2\/media?parent=25536"}],"wp:term":[{"taxonomy":"product_brand","embeddable":true,"href":"https:\/\/staging.hub.almaschool.org\/pt-br\/wp-json\/wp\/v2\/product_brand?post=25536"},{"taxonomy":"product_cat","embeddable":true,"href":"https:\/\/staging.hub.almaschool.org\/pt-br\/wp-json\/wp\/v2\/product_cat?post=25536"},{"taxonomy":"product_tag","embeddable":true,"href":"https:\/\/staging.hub.almaschool.org\/pt-br\/wp-json\/wp\/v2\/product_tag?post=25536"}],"curies":[{"name":"wp","href":"https:\/\/api.w.org\/{rel}","templated":true}]}}